{"id":3596,"date":"2016-01-18T12:06:31","date_gmt":"2016-01-18T12:06:31","guid":{"rendered":"http:\/\/sedra.hr\/?page_id=3596"},"modified":"2022-09-01T10:21:47","modified_gmt":"2022-09-01T10:21:47","slug":"professional-supervision-of-construction","status":"publish","type":"page","link":"https:\/\/sedra.hr\/en\/services\/professional-supervision-of-construction\/","title":{"rendered":"Professional supervision of construction"},"content":{"rendered":"<div class=\"fusion-fullwidth fullwidth-box fusion-builder-row-1 fusion-flex-container hundred-percent-fullwidth non-hundred-percent-height-scrolling\" style=\"background-color: rgba(255,255,255,0);background-position: center center;background-repeat: no-repeat;border-width: 0px 0px 0px 0px;border-color:#eae9e9;border-style:solid;\" ><div class=\"fusion-builder-row fusion-row fusion-flex-align-items-flex-start\" style=\"width:104% !important;max-width:104% !important;margin-left: calc(-4% \/ 2 );margin-right: calc(-4% \/ 2 );\"><div class=\"fusion-layout-column fusion_builder_column fusion-builder-column-0 fusion_builder_column_1_1 1_1 fusion-flex-column fusion-flex-align-self-flex-start fusion-column-no-min-height\"><div class=\"fusion-column-wrapper fusion-flex-justify-content-flex-start fusion-content-layout-column\" style=\"background-position:left top;background-repeat:no-repeat;-webkit-background-size:cover;-moz-background-size:cover;-o-background-size:cover;background-size:cover;padding: 0px 0px 0px 0px;\"><div class=\"fusion-separator fusion-full-width-sep\" style=\"align-self: center;margin-left: auto;margin-right: auto;width:100%;\"><div class=\"fusion-separator-border sep-single sep-solid\" style=\"border-color:#b44c43;border-top-width:1px;\"><\/div><\/div><\/div><style type=\"text\/css\">.fusion-body .fusion-builder-column-0{width:100% !important;margin-top : 0px;margin-bottom : 0px;}.fusion-builder-column-0 > .fusion-column-wrapper {padding-top : 0px !important;padding-right : 0px !important;margin-right : 1.92%;padding-bottom : 0px !important;padding-left : 0px !important;margin-left : 1.92%;}@media only screen and (max-width:1024px) {.fusion-body .fusion-builder-column-0{width:100% !important;order : 0;}.fusion-builder-column-0 > .fusion-column-wrapper {margin-right : 1.92%;margin-left : 1.92%;}}@media only screen and (max-width:640px) {.fusion-body .fusion-builder-column-0{width:100% !important;order : 0;}.fusion-builder-column-0 > .fusion-column-wrapper {margin-right : 1.92%;margin-left : 1.92%;}}<\/style><\/div><div class=\"fusion-layout-column fusion_builder_column fusion-builder-column-1 fusion_builder_column_2_3 2_3 fusion-flex-column fusion-flex-align-self-flex-start fusion-column-no-min-height\"><div class=\"fusion-column-wrapper fusion-flex-justify-content-flex-start fusion-content-layout-column\" style=\"background-position:left top;background-repeat:no-repeat;-webkit-background-size:cover;-moz-background-size:cover;-o-background-size:cover;background-size:cover;padding: 0px 0px 0px 0px;\"><div class=\"fusion-text fusion-text-1\"><h3><strong>Professional supervision of construction<\/strong><\/h3>\n<p>The conduct of technical supervision of construction includes the performance of all operations governing the area of physical planning and construction, and is performed by a supervisory engineer.<\/p>\n<p>In carrying out the technical supervision of construction the supervising engineer will do the following for the investor:<\/p>\n<ul>\n<li>supervise construction so as to comply with the decision on building conditions, confirmed main project, that is building permit, the Act and special regulations,<\/li>\n<li>determine whether the major project, regarding horizontal and vertical dimensions and building usage, is constructed in accordance with the decision on building conditions, that is site development permit,<\/li>\n<li>determine whether staking out the building inspected by a person authorized to perform state survey and real estate cadastre under a special law,<\/li>\n<li>determine whether the contractor requirements for performing construction activities are regulated by special law,<\/li>\n<li>determine the implementation of control procedures in respect of conformity assessment, ie proving the quality of certain parts of the building by an authorized person,<\/li>\n<li>without delay introduce the investor to all defects or irregularities that occure during the construction,<\/li>\n<li>compile a final report on the building construction.<\/li>\n<\/ul>\n<\/div><div class=\"fusion-text fusion-text-2\"><h3><strong>Documents (PDF)<\/strong><\/h3>\n<ul>\n<li><strong><a href=\"https:\/\/sedra.hr\/wp-content\/uploads\/2022\/08\/Zakon-o-gradnji-NN-153-13-20-17-39-19-125-19.pdf\" target=\"_blank\" rel=\"noopener\">Law on construction &#8211; consolidated text of the law NN 153\/13, 20\/17, 39\/19, 125\/19<\/a><\/strong><\/li>\n<li><strong><a href=\"https:\/\/sedra.hr\/wp-content\/uploads\/2022\/08\/Zakon-o-komori-arhitekata-i-komorama-inzenjera-u-graditeljstvu-i-prostornom-uredenju-NN-78-15-114-18-110-19.pdf\" target=\"_blank\" rel=\"noopener\">Law on the Chamber of Architects and Chambers of Engineers in Construction and Spatial Planning &#8211; consolidated text of the law NN 78\/15, 114\/18, 110\/19<\/a><\/strong><\/li>\n<li><strong><a href=\"https:\/\/sedra.hr\/wp-content\/uploads\/2022\/08\/Zakon-o-poslovima-i-djelatnostima-prostornog-uredenja-i-gradnje-NN-78-15-118-18-110-19.pdf\" target=\"_blank\" rel=\"noopener\">Law on Spatial Planning and Construction Jobs and Activities &#8211; consolidated text of the law NN 78\/15, 118\/18, 110\/19<\/a><\/strong><\/li>\n<li><strong><a href=\"https:\/\/sedra.hr\/wp-content\/uploads\/2022\/08\/PRAVILNIK-O-NA\u010cINU-PROVEDBE-STRU\u010cNOG-NADZORA-GRA\u0110ENJA-OBRASCU-UVJETIMA-I-NA\u010cINU-VO\u0110ENJA-GRA\u0110EVINSKOG-DNEVNIKA-TE-O-SADR\u017dAJU-ZAVR\u0160NOG-IZVJE\u0160\u0106A-NADZORNOG-IN\u017dENJERA-NN-111-14-107-15-20-17-98-19-121-19.pdf\" target=\"_blank\" rel=\"noopener\">Rulebook on the method of carrying out expert construction supervision, the conditions and method of keeping a construction diary, and the content of the final report of the supervising engineer NN 131\/2021<\/a><\/strong><\/li>\n<li><strong><a href=\"https:\/\/sedra.hr\/wp-content\/uploads\/2022\/08\/Zakon-o-prostornom-uredenju-NN-153-13-65-17-114-18-39-19-98-19.pdf\" target=\"_blank\" rel=\"noopener\">Spatial Planning Act &#8211; consolidated text of the Act NN 153\/13, 65\/17, 114\/18, 39\/19, 98\/19<\/a><\/strong><\/li>\n<li><strong><a href=\"https:\/\/sedra.hr\/wp-content\/uploads\/2022\/08\/Zakon-o-gradevnim-proizvodima-NN-76-13-30-14-130-17-39-19-118-20.pdf\" target=\"_blank\" rel=\"noopener\">Law on construction products &#8211; consolidated text of the law NN 76\/13, 30\/14, 130\/17, 39\/19, 118\/20<\/a><\/strong><\/li>\n<li><strong><a href=\"https:\/\/sedra.hr\/wp-content\/uploads\/2022\/08\/Zakon-o-cestama-NN-84-11-22-13-54-13-148-13-92-14-110-19-144-21.pdf\" target=\"_blank\" rel=\"noopener\">Law on Roads &#8211; consolidated text of the law NN 84\/11, 22\/13, 54\/13, 148\/13, 92\/14, 110\/19, 144\/21<\/a><\/strong><\/li>\n<\/ul>\n<\/div><\/div><style type=\"text\/css\">.fusion-body .fusion-builder-column-1{width:66.666666666667% !important;margin-top : 0px;margin-bottom : 20px;}.fusion-builder-column-1 > .fusion-column-wrapper {padding-top : 0px !important;padding-right : 0px !important;margin-right : 2.88%;padding-bottom : 0px !important;padding-left : 0px !important;margin-left : 2.88%;}@media only screen and (max-width:1024px) {.fusion-body .fusion-builder-column-1{width:66.666666666667% !important;order : 0;}.fusion-builder-column-1 > .fusion-column-wrapper {margin-right : 2.88%;margin-left : 2.88%;}}@media only screen and (max-width:640px) {.fusion-body .fusion-builder-column-1{width:100% !important;order : 0;}.fusion-builder-column-1 > .fusion-column-wrapper {margin-right : 1.92%;margin-left : 1.92%;}}<\/style><\/div><div class=\"fusion-layout-column fusion_builder_column fusion-builder-column-2 fusion_builder_column_1_3 1_3 fusion-flex-column\"><div class=\"fusion-column-wrapper fusion-flex-justify-content-flex-start fusion-content-layout-column\" style=\"background-position:left top;background-repeat:no-repeat;-webkit-background-size:cover;-moz-background-size:cover;-o-background-size:cover;background-size:cover;padding: 0px 0px 0px 0px;\"><div ><span class=\" fusion-imageframe imageframe-none imageframe-1 hover-type-none\"><a class=\"fusion-no-lightbox\" href=\"http:\/\/sedra.hr\/en\/services\/professional-supervision-of-construction\/\" target=\"_self\" aria-label=\"1-professional-supervision-of-construction-300&#215;100-new\"><img decoding=\"async\" width=\"300\" height=\"100\" src=\"http:\/\/sedra.hr\/wp-content\/uploads\/2017\/10\/1-professional-supervision-of-construction-300x100-new.jpg\" alt class=\"img-responsive wp-image-2989\"\/><\/a><\/span><\/div><div ><span class=\" fusion-imageframe imageframe-none imageframe-2 hover-type-none\"><a class=\"fusion-no-lightbox\" href=\"http:\/\/sedra.hr\/en\/services\/design\/\" target=\"_self\" aria-label=\"2-design-300&#215;100-new\"><img decoding=\"async\" width=\"300\" height=\"100\" src=\"http:\/\/sedra.hr\/wp-content\/uploads\/2017\/10\/2-design-300x100-new.jpg\" alt class=\"img-responsive wp-image-2991\"\/><\/a><\/span><\/div><div ><span class=\" fusion-imageframe imageframe-none imageframe-3 hover-type-none\"><a class=\"fusion-no-lightbox\" href=\"http:\/\/sedra.hr\/en\/services\/project-management-and-consultancy-services\/\" target=\"_self\" aria-label=\"3-project-management-300&#215;100-new\"><img decoding=\"async\" width=\"300\" height=\"100\" src=\"http:\/\/sedra.hr\/wp-content\/uploads\/2017\/10\/3-project-management-300x100-new.jpg\" alt class=\"img-responsive wp-image-2993\"\/><\/a><\/span><\/div><div ><span class=\" fusion-imageframe imageframe-none imageframe-4 hover-type-none\"><a class=\"fusion-no-lightbox\" href=\"http:\/\/sedra.hr\/en\/services\/judicial-expertise-for-the-construction-and-property-valuation\/\" target=\"_self\" aria-label=\"4-judicial-expertise-300&#215;100-new\"><img decoding=\"async\" width=\"300\" height=\"100\" src=\"http:\/\/sedra.hr\/wp-content\/uploads\/2017\/10\/4-judicial-expertise-300x100-new.jpg\" alt class=\"img-responsive wp-image-2995\"\/><\/a><\/span><\/div><div ><span class=\" fusion-imageframe imageframe-none imageframe-5 hover-type-none\"><a class=\"fusion-no-lightbox\" href=\"http:\/\/sedra.hr\/en\/services\/energy-audit-and-facilities-certification\/\" target=\"_self\" aria-label=\"5-energy-audit-300&#215;100-new\"><img decoding=\"async\" width=\"300\" height=\"100\" src=\"http:\/\/sedra.hr\/wp-content\/uploads\/2017\/10\/5-energy-audit-300x100-new.jpg\" alt class=\"img-responsive wp-image-2997\"\/><\/a><\/span><\/div><div ><span class=\" fusion-imageframe imageframe-none imageframe-6 hover-type-none\"><a class=\"fusion-no-lightbox\" href=\"http:\/\/sedra.hr\/en\/services\/coordinator-i-and-ii-on-occupational-safety-and-health\/\" target=\"_self\" aria-label=\"6-coordinator-300&#215;100-new\"><img decoding=\"async\" width=\"300\" height=\"100\" src=\"http:\/\/sedra.hr\/wp-content\/uploads\/2017\/10\/6-coordinator-300x100-new.jpg\" alt class=\"img-responsive wp-image-2999\"\/><\/a><\/span><\/div><div ><span class=\" fusion-imageframe imageframe-none imageframe-7 hover-type-none\"><a class=\"fusion-no-lightbox\" href=\"http:\/\/sedra.hr\/en\/services\/geodetic-services\/\" target=\"_self\" aria-label=\"7-geodetic-services-300&#215;100-new\"><img decoding=\"async\" width=\"300\" height=\"100\" src=\"http:\/\/sedra.hr\/wp-content\/uploads\/2017\/10\/7-geodetic-services-300x100-new.jpg\" alt class=\"img-responsive wp-image-3001\"\/><\/a><\/span><\/div><\/div><style type=\"text\/css\">.fusion-body .fusion-builder-column-2{width:33.333333333333% !important;margin-top : 25px;margin-bottom : 20px;}.fusion-builder-column-2 > .fusion-column-wrapper {padding-top : 0px !important;padding-right : 0px !important;margin-right : 5.76%;padding-bottom : 0px !important;padding-left : 0px !important;margin-left : 5.76%;}@media only screen and (max-width:1024px) {.fusion-body .fusion-builder-column-2{width:33.333333333333% !important;order : 0;}.fusion-builder-column-2 > .fusion-column-wrapper {margin-right : 5.76%;margin-left : 5.76%;}}@media only screen and (max-width:640px) {.fusion-body .fusion-builder-column-2{width:100% !important;order : 0;}.fusion-builder-column-2 > .fusion-column-wrapper {margin-right : 1.92%;margin-left : 1.92%;}}<\/style><\/div>\n<div class=\"fusion-layout-column fusion_builder_column fusion-builder-column-3 fusion_builder_column_1_1 1_1 fusion-flex-column fusion-flex-align-self-flex-start fusion-column-no-min-height\"><div class=\"fusion-column-wrapper fusion-flex-justify-content-flex-start fusion-content-layout-column\" style=\"background-position:left top;background-repeat:no-repeat;-webkit-background-size:cover;-moz-background-size:cover;-o-background-size:cover;background-size:cover;padding: 0px 0px 0px 0px;\"><div class=\"fusion-separator fusion-full-width-sep\" style=\"align-self: center;margin-left: auto;margin-right: auto;width:100%;\"><div class=\"fusion-separator-border sep-single sep-solid\" style=\"border-color:#b44c43;border-top-width:1px;\"><\/div><\/div><\/div><style type=\"text\/css\">.fusion-body .fusion-builder-column-3{width:100% !important;margin-top : 0px;margin-bottom : 0px;}.fusion-builder-column-3 > .fusion-column-wrapper {padding-top : 0px !important;padding-right : 0px !important;margin-right : 1.92%;padding-bottom : 0px !important;padding-left : 0px !important;margin-left : 1.92%;}@media only screen and (max-width:1024px) {.fusion-body .fusion-builder-column-3{width:100% !important;}.fusion-builder-column-3 > .fusion-column-wrapper {margin-right : 1.92%;margin-left : 1.92%;}}@media only screen and (max-width:640px) {.fusion-body .fusion-builder-column-3{width:100% !important;}.fusion-builder-column-3 > .fusion-column-wrapper {margin-right : 1.92%;margin-left : 1.92%;}}<\/style><\/div><\/div><style type=\"text\/css\">.fusion-fullwidth.fusion-builder-row-1 { overflow:visible; }.fusion-body .fusion-flex-container.fusion-builder-row-1{ padding-top : 0px;margin-top : 0px;padding-right : 0px;padding-bottom : 0px;margin-bottom : 0px;padding-left : 0px;}<\/style><\/div>\n","protected":false},"excerpt":{"rendered":"","protected":false},"author":1,"featured_media":0,"parent":3594,"menu_order":0,"comment_status":"closed","ping_status":"closed","template":"","meta":[],"yoast_head":"<!-- This site is optimized with the Yoast SEO plugin v20.3 - https:\/\/yoast.com\/wordpress\/plugins\/seo\/ -->\n<title>Professional supervision of construction - Sedra Consulting<\/title>\n<meta name=\"robots\" content=\"index, follow, max-snippet:-1, max-image-preview:large, max-video-preview:-1\" \/>\n<link rel=\"canonical\" href=\"https:\/\/sedra.hr\/en\/services\/professional-supervision-of-construction\/\" \/>\n<meta property=\"og:locale\" content=\"en_US\" \/>\n<meta property=\"og:type\" content=\"article\" \/>\n<meta property=\"og:title\" content=\"Professional supervision of construction - Sedra Consulting\" \/>\n<meta property=\"og:url\" content=\"https:\/\/sedra.hr\/en\/services\/professional-supervision-of-construction\/\" \/>\n<meta property=\"og:site_name\" content=\"Sedra Consulting\" \/>\n<meta property=\"article:publisher\" content=\"https:\/\/hr-hr.facebook.com\/Sedra-consulting-1432815296953117\/\" \/>\n<meta property=\"article:modified_time\" content=\"2022-09-01T10:21:47+00:00\" \/>\n<meta name=\"twitter:card\" content=\"summary_large_image\" \/>\n<meta name=\"twitter:label1\" content=\"Est. reading time\" \/>\n\t<meta name=\"twitter:data1\" content=\"7 minutes\" \/>\n<script type=\"application\/ld+json\" class=\"yoast-schema-graph\">{\"@context\":\"https:\/\/schema.org\",\"@graph\":[{\"@type\":\"WebPage\",\"@id\":\"https:\/\/sedra.hr\/en\/services\/professional-supervision-of-construction\/\",\"url\":\"https:\/\/sedra.hr\/en\/services\/professional-supervision-of-construction\/\",\"name\":\"Professional supervision of construction - Sedra Consulting\",\"isPartOf\":{\"@id\":\"https:\/\/sedra.hr\/en\/#website\"},\"datePublished\":\"2016-01-18T12:06:31+00:00\",\"dateModified\":\"2022-09-01T10:21:47+00:00\",\"breadcrumb\":{\"@id\":\"https:\/\/sedra.hr\/en\/services\/professional-supervision-of-construction\/#breadcrumb\"},\"inLanguage\":\"en-US\",\"potentialAction\":[{\"@type\":\"ReadAction\",\"target\":[\"https:\/\/sedra.hr\/en\/services\/professional-supervision-of-construction\/\"]}]},{\"@type\":\"BreadcrumbList\",\"@id\":\"https:\/\/sedra.hr\/en\/services\/professional-supervision-of-construction\/#breadcrumb\",\"itemListElement\":[{\"@type\":\"ListItem\",\"position\":1,\"name\":\"Po\u010detna stranica\",\"item\":\"https:\/\/sedra.hr\/en\/\"},{\"@type\":\"ListItem\",\"position\":2,\"name\":\"Services\",\"item\":\"https:\/\/sedra.hr\/en\/services\/\"},{\"@type\":\"ListItem\",\"position\":3,\"name\":\"Professional supervision of construction\"}]},{\"@type\":\"WebSite\",\"@id\":\"https:\/\/sedra.hr\/en\/#website\",\"url\":\"https:\/\/sedra.hr\/en\/\",\"name\":\"Sedra Consulting\",\"description\":\"Dobrodo\u0161li na stranice SEDRA Consultinga\",\"publisher\":{\"@id\":\"https:\/\/sedra.hr\/en\/#organization\"},\"potentialAction\":[{\"@type\":\"SearchAction\",\"target\":{\"@type\":\"EntryPoint\",\"urlTemplate\":\"https:\/\/sedra.hr\/en\/?s={search_term_string}\"},\"query-input\":\"required name=search_term_string\"}],\"inLanguage\":\"en-US\"},{\"@type\":\"Organization\",\"@id\":\"https:\/\/sedra.hr\/en\/#organization\",\"name\":\"Sedra Consulting\",\"url\":\"https:\/\/sedra.hr\/en\/\",\"logo\":{\"@type\":\"ImageObject\",\"inLanguage\":\"en-US\",\"@id\":\"https:\/\/sedra.hr\/en\/#\/schema\/logo\/image\/\",\"url\":\"https:\/\/sedra.hr\/wp-content\/uploads\/2022\/08\/sedra-logo-e1453211711949-77.png\",\"contentUrl\":\"https:\/\/sedra.hr\/wp-content\/uploads\/2022\/08\/sedra-logo-e1453211711949-77.png\",\"width\":250,\"height\":75,\"caption\":\"Sedra Consulting\"},\"image\":{\"@id\":\"https:\/\/sedra.hr\/en\/#\/schema\/logo\/image\/\"},\"sameAs\":[\"https:\/\/hr-hr.facebook.com\/Sedra-consulting-1432815296953117\/\",\"https:\/\/www.linkedin.com\/company\/sedra-consulting-d.o.o.\",\"https:\/\/www.instagram.com\/sedra_consulting\/\"]}]}<\/script>\n<!-- \/ Yoast SEO plugin. -->","yoast_head_json":{"title":"Professional supervision of construction - Sedra Consulting","robots":{"index":"index","follow":"follow","max-snippet":"max-snippet:-1","max-image-preview":"max-image-preview:large","max-video-preview":"max-video-preview:-1"},"canonical":"https:\/\/sedra.hr\/en\/services\/professional-supervision-of-construction\/","og_locale":"en_US","og_type":"article","og_title":"Professional supervision of construction - Sedra Consulting","og_url":"https:\/\/sedra.hr\/en\/services\/professional-supervision-of-construction\/","og_site_name":"Sedra Consulting","article_publisher":"https:\/\/hr-hr.facebook.com\/Sedra-consulting-1432815296953117\/","article_modified_time":"2022-09-01T10:21:47+00:00","twitter_card":"summary_large_image","twitter_misc":{"Est. reading time":"7 minutes"},"schema":{"@context":"https:\/\/schema.org","@graph":[{"@type":"WebPage","@id":"https:\/\/sedra.hr\/en\/services\/professional-supervision-of-construction\/","url":"https:\/\/sedra.hr\/en\/services\/professional-supervision-of-construction\/","name":"Professional supervision of construction - Sedra Consulting","isPartOf":{"@id":"https:\/\/sedra.hr\/en\/#website"},"datePublished":"2016-01-18T12:06:31+00:00","dateModified":"2022-09-01T10:21:47+00:00","breadcrumb":{"@id":"https:\/\/sedra.hr\/en\/services\/professional-supervision-of-construction\/#breadcrumb"},"inLanguage":"en-US","potentialAction":[{"@type":"ReadAction","target":["https:\/\/sedra.hr\/en\/services\/professional-supervision-of-construction\/"]}]},{"@type":"BreadcrumbList","@id":"https:\/\/sedra.hr\/en\/services\/professional-supervision-of-construction\/#breadcrumb","itemListElement":[{"@type":"ListItem","position":1,"name":"Po\u010detna stranica","item":"https:\/\/sedra.hr\/en\/"},{"@type":"ListItem","position":2,"name":"Services","item":"https:\/\/sedra.hr\/en\/services\/"},{"@type":"ListItem","position":3,"name":"Professional supervision of construction"}]},{"@type":"WebSite","@id":"https:\/\/sedra.hr\/en\/#website","url":"https:\/\/sedra.hr\/en\/","name":"Sedra Consulting","description":"Dobrodo\u0161li na stranice SEDRA Consultinga","publisher":{"@id":"https:\/\/sedra.hr\/en\/#organization"},"potentialAction":[{"@type":"SearchAction","target":{"@type":"EntryPoint","urlTemplate":"https:\/\/sedra.hr\/en\/?s={search_term_string}"},"query-input":"required name=search_term_string"}],"inLanguage":"en-US"},{"@type":"Organization","@id":"https:\/\/sedra.hr\/en\/#organization","name":"Sedra Consulting","url":"https:\/\/sedra.hr\/en\/","logo":{"@type":"ImageObject","inLanguage":"en-US","@id":"https:\/\/sedra.hr\/en\/#\/schema\/logo\/image\/","url":"https:\/\/sedra.hr\/wp-content\/uploads\/2022\/08\/sedra-logo-e1453211711949-77.png","contentUrl":"https:\/\/sedra.hr\/wp-content\/uploads\/2022\/08\/sedra-logo-e1453211711949-77.png","width":250,"height":75,"caption":"Sedra Consulting"},"image":{"@id":"https:\/\/sedra.hr\/en\/#\/schema\/logo\/image\/"},"sameAs":["https:\/\/hr-hr.facebook.com\/Sedra-consulting-1432815296953117\/","https:\/\/www.linkedin.com\/company\/sedra-consulting-d.o.o.","https:\/\/www.instagram.com\/sedra_consulting\/"]}]}},"_links":{"self":[{"href":"https:\/\/sedra.hr\/en\/wp-json\/wp\/v2\/pages\/3596"}],"collection":[{"href":"https:\/\/sedra.hr\/en\/wp-json\/wp\/v2\/pages"}],"about":[{"href":"https:\/\/sedra.hr\/en\/wp-json\/wp\/v2\/types\/page"}],"author":[{"embeddable":true,"href":"https:\/\/sedra.hr\/en\/wp-json\/wp\/v2\/users\/1"}],"replies":[{"embeddable":true,"href":"https:\/\/sedra.hr\/en\/wp-json\/wp\/v2\/comments?post=3596"}],"version-history":[{"count":0,"href":"https:\/\/sedra.hr\/en\/wp-json\/wp\/v2\/pages\/3596\/revisions"}],"up":[{"embeddable":true,"href":"https:\/\/sedra.hr\/en\/wp-json\/wp\/v2\/pages\/3594"}],"wp:attachment":[{"href":"https:\/\/sedra.hr\/en\/wp-json\/wp\/v2\/media?parent=3596"}],"curies":[{"name":"wp","href":"https:\/\/api.w.org\/{rel}","templated":true}]}}