{"id":3762,"date":"2017-10-12T16:45:49","date_gmt":"2017-10-12T16:45:49","guid":{"rendered":"http:\/\/sedra.hr\/?page_id=3762"},"modified":"2022-09-08T12:41:13","modified_gmt":"2022-09-08T12:41:13","slug":"vermessungsdienstleistungen","status":"publish","type":"page","link":"https:\/\/sedra.hr\/de\/dienstleistungen\/vermessungsdienstleistungen\/","title":{"rendered":"Vermessungsdienstleistungen"},"content":{"rendered":"<div class=\"fusion-fullwidth fullwidth-box fusion-builder-row-1 fusion-flex-container hundred-percent-fullwidth non-hundred-percent-height-scrolling\" style=\"background-color: rgba(255,255,255,0);background-position: center center;background-repeat: no-repeat;border-width: 0px 0px 0px 0px;border-color:#eae9e9;border-style:solid;\" ><div class=\"fusion-builder-row fusion-row fusion-flex-align-items-flex-start\" style=\"width:104% !important;max-width:104% !important;margin-left: calc(-4% \/ 2 );margin-right: calc(-4% \/ 2 );\"><div class=\"fusion-layout-column fusion_builder_column fusion-builder-column-0 fusion_builder_column_1_1 1_1 fusion-flex-column fusion-flex-align-self-flex-start fusion-column-no-min-height\"><div class=\"fusion-column-wrapper fusion-flex-justify-content-flex-start fusion-content-layout-column\" style=\"background-position:left top;background-repeat:no-repeat;-webkit-background-size:cover;-moz-background-size:cover;-o-background-size:cover;background-size:cover;padding: 0px 0px 0px 0px;\"><div class=\"fusion-separator fusion-full-width-sep\" style=\"align-self: center;margin-left: auto;margin-right: auto;width:100%;\"><div class=\"fusion-separator-border sep-single sep-solid\" style=\"border-color:#b44c43;border-top-width:1px;\"><\/div><\/div><\/div><style type=\"text\/css\">.fusion-body .fusion-builder-column-0{width:100% !important;margin-top : 0px;margin-bottom : 0px;}.fusion-builder-column-0 > .fusion-column-wrapper {padding-top : 0px !important;padding-right : 0px !important;margin-right : 1.92%;padding-bottom : 0px !important;padding-left : 0px !important;margin-left : 1.92%;}@media only screen and (max-width:1024px) {.fusion-body .fusion-builder-column-0{width:100% !important;order : 0;}.fusion-builder-column-0 > .fusion-column-wrapper {margin-right : 1.92%;margin-left : 1.92%;}}@media only screen and (max-width:640px) {.fusion-body .fusion-builder-column-0{width:100% !important;order : 0;}.fusion-builder-column-0 > .fusion-column-wrapper {margin-right : 1.92%;margin-left : 1.92%;}}<\/style><\/div><div class=\"fusion-layout-column fusion_builder_column fusion-builder-column-1 fusion_builder_column_2_3 2_3 fusion-flex-column fusion-flex-align-self-flex-start fusion-column-no-min-height\"><div class=\"fusion-column-wrapper fusion-flex-justify-content-flex-start fusion-content-layout-column\" style=\"background-position:left top;background-repeat:no-repeat;-webkit-background-size:cover;-moz-background-size:cover;-o-background-size:cover;background-size:cover;padding: 0px 0px 0px 0px;\"><div class=\"fusion-text fusion-text-1\"><h3><strong>VERMESSUNGSDIENSTLEISTUNGEN<\/strong><\/h3>\n<p><strong>Geod\u00e4sie<\/strong> ist Wissenschaft, die sich mit der Modellierung und Realisation der Raumsysteme, der Festlegung der Art und Weise der Einholung der Raumangaben, mit ihrer Auswertung, Visualisierung und Deutung befasst.<\/p>\n<p><strong>Im Rahmen der Vermessungsdienstleistungen kann die Firma den Kunden anbieten:<\/strong><\/p>\n<ul>\n<li>Erstellung des Elaborats der Katastervermessung<\/li>\n<li>Eintragung der Objekte im Kataster<\/li>\n<li>Erstellung des Elaborats der \u00dcberf\u00fchrung des Katasterplans in digitale Form (Vektorisierung)<\/li>\n<li>Erstellung der Parzellierungselaborate und anderer Elaborate des Grundst\u00fcckskatasters<\/li>\n<li>Erstellung der Parzellierungselaborate und anderer Elaborate des Immobilienkatasters<\/li>\n<li>Erstellung der besonderen geod\u00e4tischen Grundlagen f\u00fcr Planung und Erstellung der Unterlagen und Akten der Raumordnung<\/li>\n<li>Erstellung der Vermessungselaborate des Zustandes des Bauobjektes vor der Rekonstruktion<\/li>\n<li>Erstellung des Vermessungsplans<\/li>\n<li>Absteckung des Geb\u00e4udes und Erstellung der Absteckungselaborate<\/li>\n<li>Geod\u00e4tische Begleitung des Objektes im Bau und Erstellung der Elaborate der geod\u00e4tischen Begleitung<\/li>\n<\/ul>\n<p>Geod\u00e4tische Aufsicht \u00fcber den Errichtungsprozess des Geb\u00e4udes<\/p>\n<\/div><div class=\"fusion-text fusion-text-2\"><h3><strong>Dokumente (PDF)<\/strong><\/h3>\n<ul>\n<li><strong><a href=\"https:\/\/sedra.hr\/wp-content\/uploads\/2022\/09\/Zakon-o-obavljanju-geodetske-djelatnosti-NN-25-18.pdf\" target=\"_blank\" rel=\"noopener\">Gesetz \u00fcber geod\u00e4tische T\u00e4tigkeit NN 25\/18<\/a><\/strong><\/li>\n<li><strong><a href=\"https:\/\/sedra.hr\/wp-content\/uploads\/2022\/09\/Zakon-o-drzavnoj-izmjeri-i-katastru-nekretnina-NN-112-18-39-22.pdf\" target=\"_blank\" rel=\"noopener\">Gesetz \u00fcber die Landesvermessung und das Liegenschaftskataster \u2013 konsolidierter Text Amtsblatt Nr. 112\/18, 39\/22<\/a><\/strong><\/li>\n<\/ul>\n<\/div><\/div><style type=\"text\/css\">.fusion-body .fusion-builder-column-1{width:66.666666666667% !important;margin-top : 0px;margin-bottom : 20px;}.fusion-builder-column-1 > .fusion-column-wrapper {padding-top : 0px !important;padding-right : 0px !important;margin-right : 2.88%;padding-bottom : 0px !important;padding-left : 0px !important;margin-left : 2.88%;}@media only screen and (max-width:1024px) {.fusion-body .fusion-builder-column-1{width:66.666666666667% !important;order : 0;}.fusion-builder-column-1 > .fusion-column-wrapper {margin-right : 2.88%;margin-left : 2.88%;}}@media only screen and (max-width:640px) {.fusion-body .fusion-builder-column-1{width:100% !important;order : 0;}.fusion-builder-column-1 > .fusion-column-wrapper {margin-right : 1.92%;margin-left : 1.92%;}}<\/style><\/div><div class=\"fusion-layout-column fusion_builder_column fusion-builder-column-2 fusion_builder_column_1_3 1_3 fusion-flex-column\"><div class=\"fusion-column-wrapper fusion-flex-justify-content-flex-start fusion-content-layout-column\" style=\"background-position:left top;background-repeat:no-repeat;-webkit-background-size:cover;-moz-background-size:cover;-o-background-size:cover;background-size:cover;padding: 0px 0px 0px 0px;\"><div ><span class=\" fusion-imageframe imageframe-none imageframe-1 hover-type-none\"><a class=\"fusion-no-lightbox\" href=\"http:\/\/sedra.hr\/de\/dienstleistungen\/fachbauleitung\/\" target=\"_self\" aria-label=\"1-FACHBAULEITUNG-300&#215;100-new\"><img decoding=\"async\" width=\"300\" height=\"100\" src=\"http:\/\/sedra.hr\/wp-content\/uploads\/2017\/10\/1-FACHBAULEITUNG-300x100-new.jpg\" alt class=\"img-responsive wp-image-3012\"\/><\/a><\/span><\/div><div ><span class=\" fusion-imageframe imageframe-none imageframe-2 hover-type-none\"><a class=\"fusion-no-lightbox\" href=\"http:\/\/sedra.hr\/de\/dienstleistungen\/planung\/\" target=\"_self\" aria-label=\"2-PLANUNG-300&#215;100-new\"><img decoding=\"async\" width=\"300\" height=\"100\" src=\"http:\/\/sedra.hr\/wp-content\/uploads\/2017\/10\/2-PLANUNG-300x100-new.jpg\" alt class=\"img-responsive wp-image-3010\"\/><\/a><\/span><\/div><div ><span class=\" fusion-imageframe imageframe-none imageframe-3 hover-type-none\"><a class=\"fusion-no-lightbox\" href=\"http:\/\/sedra.hr\/de\/dienstleistungen\/projektmanagement-und-beratungsdienstleistungen\/\" target=\"_self\" aria-label=\"3-PROJEKTMANAGEMENT-300&#215;100-new\"><img decoding=\"async\" width=\"300\" height=\"100\" src=\"http:\/\/sedra.hr\/wp-content\/uploads\/2017\/10\/3-PROJEKTMANAGEMENT-300x100-new.jpg\" alt class=\"img-responsive wp-image-3008\"\/><\/a><\/span><\/div><div ><span class=\" fusion-imageframe imageframe-none imageframe-4 hover-type-none\"><a class=\"fusion-no-lightbox\" href=\"http:\/\/sedra.hr\/de\/dienstleistungen\/rechtsgutachten-fuer-bauwesen-und-immobilienbewertung\/\" target=\"_self\" aria-label=\"4-RECHTSGUTACHTEN-300&#215;100-new\"><img decoding=\"async\" width=\"300\" height=\"100\" src=\"http:\/\/sedra.hr\/wp-content\/uploads\/2017\/10\/4-RECHTSGUTACHTEN-300x100-new.jpg\" alt class=\"img-responsive wp-image-3006\"\/><\/a><\/span><\/div><div ><span class=\" fusion-imageframe imageframe-none imageframe-5 hover-type-none\"><a class=\"fusion-no-lightbox\" href=\"http:\/\/sedra.hr\/de\/dienstleistungen\/energieaudit-und-zertifizierung-von-objekten\/\" target=\"_self\" aria-label=\"5-ENERGIEAUDIT&#8211;300&#215;100-new\"><img decoding=\"async\" width=\"300\" height=\"100\" src=\"http:\/\/sedra.hr\/wp-content\/uploads\/2017\/10\/5-ENERGIEAUDIT-300x100-new.jpg\" alt class=\"img-responsive wp-image-3004\"\/><\/a><\/span><\/div><div ><span class=\" fusion-imageframe imageframe-none imageframe-6 hover-type-none\"><a class=\"fusion-no-lightbox\" href=\"http:\/\/sedra.hr\/de\/dienstleistungen\/arbeitsschutzkoordinator-i-und-ii\/\" target=\"_self\" aria-label=\"6-ARBEITSSCHUTZKOORDINATOR-300&#215;100-new\"><img decoding=\"async\" width=\"300\" height=\"100\" src=\"http:\/\/sedra.hr\/wp-content\/uploads\/2017\/10\/6-ARBEITSSCHUTZKOORDINATOR-300x100-new.jpg\" alt class=\"img-responsive wp-image-3016\"\/><\/a><\/span><\/div><div ><span class=\" fusion-imageframe imageframe-none imageframe-7 hover-type-none\"><a class=\"fusion-no-lightbox\" href=\"http:\/\/sedra.hr\/de\/dienstleistungen\/vermessungsdienstleistungen\/\" target=\"_self\" aria-label=\"7-VERMESSUNGSDIENSTLEISTUNGEN-300&#215;100-new\"><img decoding=\"async\" width=\"300\" height=\"100\" src=\"http:\/\/sedra.hr\/wp-content\/uploads\/2017\/10\/7-VERMESSUNGSDIENSTLEISTUNGEN-300x100-new.jpg\" alt class=\"img-responsive wp-image-3014\"\/><\/a><\/span><\/div><\/div><style type=\"text\/css\">.fusion-body .fusion-builder-column-2{width:33.333333333333% !important;margin-top : 25px;margin-bottom : 20px;}.fusion-builder-column-2 > .fusion-column-wrapper {padding-top : 0px !important;padding-right : 0px !important;margin-right : 5.76%;padding-bottom : 0px !important;padding-left : 0px !important;margin-left : 5.76%;}@media only screen and (max-width:1024px) {.fusion-body .fusion-builder-column-2{width:33.333333333333% !important;order : 0;}.fusion-builder-column-2 > .fusion-column-wrapper {margin-right : 5.76%;margin-left : 5.76%;}}@media only screen and (max-width:640px) {.fusion-body .fusion-builder-column-2{width:100% !important;order : 0;}.fusion-builder-column-2 > .fusion-column-wrapper {margin-right : 1.92%;margin-left : 1.92%;}}<\/style><\/div>\n<div class=\"fusion-layout-column fusion_builder_column fusion-builder-column-3 fusion_builder_column_1_1 1_1 fusion-flex-column fusion-flex-align-self-flex-start fusion-column-no-min-height\"><div class=\"fusion-column-wrapper fusion-flex-justify-content-flex-start fusion-content-layout-column\" style=\"background-position:left top;background-repeat:no-repeat;-webkit-background-size:cover;-moz-background-size:cover;-o-background-size:cover;background-size:cover;padding: 0px 0px 0px 0px;\"><div class=\"fusion-separator fusion-full-width-sep\" style=\"align-self: center;margin-left: auto;margin-right: auto;width:100%;\"><div class=\"fusion-separator-border sep-single sep-solid\" style=\"border-color:#b44c43;border-top-width:1px;\"><\/div><\/div><\/div><style type=\"text\/css\">.fusion-body .fusion-builder-column-3{width:100% !important;margin-top : 0px;margin-bottom : 0px;}.fusion-builder-column-3 > .fusion-column-wrapper {padding-top : 0px !important;padding-right : 0px !important;margin-right : 1.92%;padding-bottom : 0px !important;padding-left : 0px !important;margin-left : 1.92%;}@media only screen and (max-width:1024px) {.fusion-body .fusion-builder-column-3{width:100% !important;}.fusion-builder-column-3 > .fusion-column-wrapper {margin-right : 1.92%;margin-left : 1.92%;}}@media only screen and (max-width:640px) {.fusion-body .fusion-builder-column-3{width:100% !important;}.fusion-builder-column-3 > .fusion-column-wrapper {margin-right : 1.92%;margin-left : 1.92%;}}<\/style><\/div><\/div><style type=\"text\/css\">.fusion-fullwidth.fusion-builder-row-1 { overflow:visible; }.fusion-body .fusion-flex-container.fusion-builder-row-1{ padding-top : 0px;margin-top : 0px;padding-right : 0px;padding-bottom : 0px;margin-bottom : 0px;padding-left : 0px;}<\/style><\/div>\n","protected":false},"excerpt":{"rendered":"","protected":false},"author":1,"featured_media":0,"parent":3739,"menu_order":0,"comment_status":"closed","ping_status":"closed","template":"","meta":[],"yoast_head":"<!-- This site is optimized with the Yoast SEO plugin v20.3 - https:\/\/yoast.com\/wordpress\/plugins\/seo\/ -->\n<title>Vermessungsdienstleistungen - Sedra Consulting<\/title>\n<meta name=\"robots\" content=\"index, follow, max-snippet:-1, max-image-preview:large, max-video-preview:-1\" \/>\n<link rel=\"canonical\" href=\"https:\/\/sedra.hr\/de\/dienstleistungen\/vermessungsdienstleistungen\/\" \/>\n<meta property=\"og:locale\" content=\"de_DE\" \/>\n<meta property=\"og:type\" content=\"article\" \/>\n<meta property=\"og:title\" content=\"Vermessungsdienstleistungen - Sedra Consulting\" \/>\n<meta property=\"og:url\" content=\"https:\/\/sedra.hr\/de\/dienstleistungen\/vermessungsdienstleistungen\/\" \/>\n<meta property=\"og:site_name\" content=\"Sedra Consulting\" \/>\n<meta property=\"article:publisher\" content=\"https:\/\/hr-hr.facebook.com\/Sedra-consulting-1432815296953117\/\" \/>\n<meta property=\"article:modified_time\" content=\"2022-09-08T12:41:13+00:00\" \/>\n<meta name=\"twitter:card\" content=\"summary_large_image\" \/>\n<meta name=\"twitter:label1\" content=\"Gesch\u00e4tzte Lesezeit\" \/>\n\t<meta name=\"twitter:data1\" content=\"8\u00a0Minuten\" \/>\n<script type=\"application\/ld+json\" class=\"yoast-schema-graph\">{\"@context\":\"https:\/\/schema.org\",\"@graph\":[{\"@type\":\"WebPage\",\"@id\":\"https:\/\/sedra.hr\/de\/dienstleistungen\/vermessungsdienstleistungen\/\",\"url\":\"https:\/\/sedra.hr\/de\/dienstleistungen\/vermessungsdienstleistungen\/\",\"name\":\"Vermessungsdienstleistungen - Sedra Consulting\",\"isPartOf\":{\"@id\":\"https:\/\/sedra.hr\/en\/#website\"},\"datePublished\":\"2017-10-12T16:45:49+00:00\",\"dateModified\":\"2022-09-08T12:41:13+00:00\",\"breadcrumb\":{\"@id\":\"https:\/\/sedra.hr\/de\/dienstleistungen\/vermessungsdienstleistungen\/#breadcrumb\"},\"inLanguage\":\"de\",\"potentialAction\":[{\"@type\":\"ReadAction\",\"target\":[\"https:\/\/sedra.hr\/de\/dienstleistungen\/vermessungsdienstleistungen\/\"]}]},{\"@type\":\"BreadcrumbList\",\"@id\":\"https:\/\/sedra.hr\/de\/dienstleistungen\/vermessungsdienstleistungen\/#breadcrumb\",\"itemListElement\":[{\"@type\":\"ListItem\",\"position\":1,\"name\":\"Po\u010detna stranica\",\"item\":\"https:\/\/sedra.hr\/de\/\"},{\"@type\":\"ListItem\",\"position\":2,\"name\":\"Dienstleistungen\",\"item\":\"https:\/\/sedra.hr\/de\/dienstleistungen\/\"},{\"@type\":\"ListItem\",\"position\":3,\"name\":\"Vermessungsdienstleistungen\"}]},{\"@type\":\"WebSite\",\"@id\":\"https:\/\/sedra.hr\/en\/#website\",\"url\":\"https:\/\/sedra.hr\/en\/\",\"name\":\"Sedra Consulting\",\"description\":\"Dobrodo\u0161li na stranice SEDRA Consultinga\",\"publisher\":{\"@id\":\"https:\/\/sedra.hr\/en\/#organization\"},\"potentialAction\":[{\"@type\":\"SearchAction\",\"target\":{\"@type\":\"EntryPoint\",\"urlTemplate\":\"https:\/\/sedra.hr\/en\/?s={search_term_string}\"},\"query-input\":\"required name=search_term_string\"}],\"inLanguage\":\"de\"},{\"@type\":\"Organization\",\"@id\":\"https:\/\/sedra.hr\/en\/#organization\",\"name\":\"Sedra Consulting\",\"url\":\"https:\/\/sedra.hr\/en\/\",\"logo\":{\"@type\":\"ImageObject\",\"inLanguage\":\"de\",\"@id\":\"https:\/\/sedra.hr\/en\/#\/schema\/logo\/image\/\",\"url\":\"https:\/\/sedra.hr\/wp-content\/uploads\/2022\/08\/sedra-logo-e1453211711949-77.png\",\"contentUrl\":\"https:\/\/sedra.hr\/wp-content\/uploads\/2022\/08\/sedra-logo-e1453211711949-77.png\",\"width\":250,\"height\":75,\"caption\":\"Sedra Consulting\"},\"image\":{\"@id\":\"https:\/\/sedra.hr\/en\/#\/schema\/logo\/image\/\"},\"sameAs\":[\"https:\/\/hr-hr.facebook.com\/Sedra-consulting-1432815296953117\/\",\"https:\/\/www.linkedin.com\/company\/sedra-consulting-d.o.o.\",\"https:\/\/www.instagram.com\/sedra_consulting\/\"]}]}<\/script>\n<!-- \/ Yoast SEO plugin. -->","yoast_head_json":{"title":"Vermessungsdienstleistungen - Sedra Consulting","robots":{"index":"index","follow":"follow","max-snippet":"max-snippet:-1","max-image-preview":"max-image-preview:large","max-video-preview":"max-video-preview:-1"},"canonical":"https:\/\/sedra.hr\/de\/dienstleistungen\/vermessungsdienstleistungen\/","og_locale":"de_DE","og_type":"article","og_title":"Vermessungsdienstleistungen - Sedra Consulting","og_url":"https:\/\/sedra.hr\/de\/dienstleistungen\/vermessungsdienstleistungen\/","og_site_name":"Sedra Consulting","article_publisher":"https:\/\/hr-hr.facebook.com\/Sedra-consulting-1432815296953117\/","article_modified_time":"2022-09-08T12:41:13+00:00","twitter_card":"summary_large_image","twitter_misc":{"Gesch\u00e4tzte Lesezeit":"8\u00a0Minuten"},"schema":{"@context":"https:\/\/schema.org","@graph":[{"@type":"WebPage","@id":"https:\/\/sedra.hr\/de\/dienstleistungen\/vermessungsdienstleistungen\/","url":"https:\/\/sedra.hr\/de\/dienstleistungen\/vermessungsdienstleistungen\/","name":"Vermessungsdienstleistungen - Sedra Consulting","isPartOf":{"@id":"https:\/\/sedra.hr\/en\/#website"},"datePublished":"2017-10-12T16:45:49+00:00","dateModified":"2022-09-08T12:41:13+00:00","breadcrumb":{"@id":"https:\/\/sedra.hr\/de\/dienstleistungen\/vermessungsdienstleistungen\/#breadcrumb"},"inLanguage":"de","potentialAction":[{"@type":"ReadAction","target":["https:\/\/sedra.hr\/de\/dienstleistungen\/vermessungsdienstleistungen\/"]}]},{"@type":"BreadcrumbList","@id":"https:\/\/sedra.hr\/de\/dienstleistungen\/vermessungsdienstleistungen\/#breadcrumb","itemListElement":[{"@type":"ListItem","position":1,"name":"Po\u010detna stranica","item":"https:\/\/sedra.hr\/de\/"},{"@type":"ListItem","position":2,"name":"Dienstleistungen","item":"https:\/\/sedra.hr\/de\/dienstleistungen\/"},{"@type":"ListItem","position":3,"name":"Vermessungsdienstleistungen"}]},{"@type":"WebSite","@id":"https:\/\/sedra.hr\/en\/#website","url":"https:\/\/sedra.hr\/en\/","name":"Sedra Consulting","description":"Dobrodo\u0161li na stranice SEDRA Consultinga","publisher":{"@id":"https:\/\/sedra.hr\/en\/#organization"},"potentialAction":[{"@type":"SearchAction","target":{"@type":"EntryPoint","urlTemplate":"https:\/\/sedra.hr\/en\/?s={search_term_string}"},"query-input":"required name=search_term_string"}],"inLanguage":"de"},{"@type":"Organization","@id":"https:\/\/sedra.hr\/en\/#organization","name":"Sedra Consulting","url":"https:\/\/sedra.hr\/en\/","logo":{"@type":"ImageObject","inLanguage":"de","@id":"https:\/\/sedra.hr\/en\/#\/schema\/logo\/image\/","url":"https:\/\/sedra.hr\/wp-content\/uploads\/2022\/08\/sedra-logo-e1453211711949-77.png","contentUrl":"https:\/\/sedra.hr\/wp-content\/uploads\/2022\/08\/sedra-logo-e1453211711949-77.png","width":250,"height":75,"caption":"Sedra Consulting"},"image":{"@id":"https:\/\/sedra.hr\/en\/#\/schema\/logo\/image\/"},"sameAs":["https:\/\/hr-hr.facebook.com\/Sedra-consulting-1432815296953117\/","https:\/\/www.linkedin.com\/company\/sedra-consulting-d.o.o.","https:\/\/www.instagram.com\/sedra_consulting\/"]}]}},"_links":{"self":[{"href":"https:\/\/sedra.hr\/de\/wp-json\/wp\/v2\/pages\/3762"}],"collection":[{"href":"https:\/\/sedra.hr\/de\/wp-json\/wp\/v2\/pages"}],"about":[{"href":"https:\/\/sedra.hr\/de\/wp-json\/wp\/v2\/types\/page"}],"author":[{"embeddable":true,"href":"https:\/\/sedra.hr\/de\/wp-json\/wp\/v2\/users\/1"}],"replies":[{"embeddable":true,"href":"https:\/\/sedra.hr\/de\/wp-json\/wp\/v2\/comments?post=3762"}],"version-history":[{"count":2,"href":"https:\/\/sedra.hr\/de\/wp-json\/wp\/v2\/pages\/3762\/revisions"}],"predecessor-version":[{"id":3896,"href":"https:\/\/sedra.hr\/de\/wp-json\/wp\/v2\/pages\/3762\/revisions\/3896"}],"up":[{"embeddable":true,"href":"https:\/\/sedra.hr\/de\/wp-json\/wp\/v2\/pages\/3739"}],"wp:attachment":[{"href":"https:\/\/sedra.hr\/de\/wp-json\/wp\/v2\/media?parent=3762"}],"curies":[{"name":"wp","href":"https:\/\/api.w.org\/{rel}","templated":true}]}}