{"id":3758,"date":"2016-01-18T13:16:04","date_gmt":"2016-01-18T13:16:04","guid":{"rendered":"http:\/\/sedra.hr\/?page_id=3758"},"modified":"2022-09-08T12:27:45","modified_gmt":"2022-09-08T12:27:45","slug":"energieaudit-und-zertifizierung-von-objekten","status":"publish","type":"page","link":"https:\/\/sedra.hr\/de\/dienstleistungen\/energieaudit-und-zertifizierung-von-objekten\/","title":{"rendered":"Energieaudit und Zertifizierung von Objekten"},"content":{"rendered":"<div class=\"fusion-fullwidth fullwidth-box fusion-builder-row-1 fusion-flex-container hundred-percent-fullwidth non-hundred-percent-height-scrolling\" style=\"background-color: rgba(255,255,255,0);background-position: center center;background-repeat: no-repeat;border-width: 0px 0px 0px 0px;border-color:#eae9e9;border-style:solid;\" ><div class=\"fusion-builder-row fusion-row fusion-flex-align-items-flex-start\" style=\"width:104% !important;max-width:104% !important;margin-left: calc(-4% \/ 2 );margin-right: calc(-4% \/ 2 );\"><div class=\"fusion-layout-column fusion_builder_column fusion-builder-column-0 fusion_builder_column_1_1 1_1 fusion-flex-column fusion-flex-align-self-flex-start fusion-column-no-min-height\"><div class=\"fusion-column-wrapper fusion-flex-justify-content-flex-start fusion-content-layout-column\" style=\"background-position:left top;background-repeat:no-repeat;-webkit-background-size:cover;-moz-background-size:cover;-o-background-size:cover;background-size:cover;padding: 0px 0px 0px 0px;\"><div class=\"fusion-separator fusion-full-width-sep\" style=\"align-self: center;margin-left: auto;margin-right: auto;width:100%;\"><div class=\"fusion-separator-border sep-single sep-solid\" style=\"border-color:#b44c43;border-top-width:1px;\"><\/div><\/div><\/div><style type=\"text\/css\">.fusion-body .fusion-builder-column-0{width:100% !important;margin-top : 0px;margin-bottom : 0px;}.fusion-builder-column-0 > .fusion-column-wrapper {padding-top : 0px !important;padding-right : 0px !important;margin-right : 1.92%;padding-bottom : 0px !important;padding-left : 0px !important;margin-left : 1.92%;}@media only screen and (max-width:1024px) {.fusion-body .fusion-builder-column-0{width:100% !important;order : 0;}.fusion-builder-column-0 > .fusion-column-wrapper {margin-right : 1.92%;margin-left : 1.92%;}}@media only screen and (max-width:640px) {.fusion-body .fusion-builder-column-0{width:100% !important;order : 0;}.fusion-builder-column-0 > .fusion-column-wrapper {margin-right : 1.92%;margin-left : 1.92%;}}<\/style><\/div><div class=\"fusion-layout-column fusion_builder_column fusion-builder-column-1 fusion_builder_column_2_3 2_3 fusion-flex-column fusion-flex-align-self-flex-start fusion-column-no-min-height\"><div class=\"fusion-column-wrapper fusion-flex-justify-content-flex-start fusion-content-layout-column\" style=\"background-position:left top;background-repeat:no-repeat;-webkit-background-size:cover;-moz-background-size:cover;-o-background-size:cover;background-size:cover;padding: 0px 0px 0px 0px;\"><div class=\"fusion-text fusion-text-1\"><h3><strong>Energieaudit und Zertifizierung von Objekten<\/strong><\/h3>\n<p>Verbindliche Energieausweisen f\u00fcr Geb\u00e4ude in der Republik Kroatien wurde durch Artikel 15 des Gesetzes \u00fcber die Raumplanung und Bauwesen , NN 76\/ 07, 38\/ 09 , 55 \/11 90\/11 eingef\u00fchrt und durch eine Reihe von Grundregeln umgesetzt und Verordnungen der Verpflichtung der 31. M\u00e4rz 2010 f\u00fcr alle in den Verordnungen \u00fcber die Energiezertifizierung von Geb\u00e4uden , NN 36\/2010 definierten Objekte.<\/p>\n<p>Energieausweis f\u00fcr Geb\u00e4ude ist eine Reihe von Ma\u00dfnahmen und Verfahren, um einen Energieausweis ausstellen umgesetzt werden.<\/p>\n<p>Energieausweis ist ein Dokument, das die Energieeffizienz des Geb\u00e4udes.<\/p>\n<p>Energieausweis enth\u00e4lt allgemeine Informationen \u00fcber das Geb\u00e4ude, Geb\u00e4udeenergieklasse, Informationen \u00fcber die Person, die den Energieausweis, Informationen \u00fcber termotechnic Systeme, Klimadaten, Daten \u00fcber den Energie der Referenz und den tats\u00e4chlichen Klimadaten, Erkl\u00e4rungen von Fachbegriffen und ausgestellt eine Liste der angewandten Vorschriften und Normen.<\/p>\n<p>Energieausweis f\u00fcr bestehende Geb\u00e4ude muss einen Vorschlag von wirtschaftlich rentablen Ma\u00dfnahmen, um die Energieeffizienz von Geb\u00e4uden auf Basis von zuvor durchgef\u00fchrten Energie-Audit des Geb\u00e4udes zu verbessern.<\/p>\n<p>Energieausweis f\u00fcr neue Geb\u00e4ude enth\u00e4lt Empfehlungen f\u00fcr die Nutzung des Geb\u00e4udes in Bezug auf die Erf\u00fcllung der grundlegenden Anforderungen der Energieeinsparung und W\u00e4rmeschutz und die Erf\u00fcllung der Energieeffizienz von Geb\u00e4uden.<\/p>\n<h3><strong>Der Zweck des Energieausweises<\/strong><\/h3>\n<p>Der Zweck des Energieausweises ist es, Informationen \u00fcber die Energieeffizienz des Geb\u00e4udes oder einzelner Einheiten n\u00fctzlich und Vergleich von Geb\u00e4uden in Bezug auf ihre Energieeffizienz , Energieeffizienz ihrer Systeme und die Qualit\u00e4t und die Eigenschaften des zu Eigent\u00fcmer und Nutzer von Geb\u00e4uden bieten Geb\u00e4udeh\u00fclle.<\/p>\n<h3><strong>Geb\u00e4udeenergieeffizienzklasse<\/strong><\/h3>\n<p>Geb\u00e4udeenergierating ist ein Indikator f\u00fcr die Energieeffizienz des Geb\u00e4udes , die f\u00fcr Wohngeb\u00e4ude , \u00fcber die f\u00fcr die Heizung ben\u00f6tigt Jahresw\u00e4rmeenergiezum Ausdruck , die Klimadaten auf die Einheit der Nutzfl\u00e4che des Geb\u00e4udes reduziert und f\u00fcr nicht- Wohngeb\u00e4ude \u00fcber den relativen Wert des j\u00e4hrlichen W\u00e4rmeenergie f\u00fcr die Heizung.<\/p>\n<p>Wohn-und Nichtwohngeb\u00e4ude sind in acht Energieklassen nach der Energieskala von A + bis G, wobei A + markiert den energieeffizientesten und G die am wenigsten energieeffizienten Klasse eingestuft. Energie- Ratings f\u00fcr Klimadaten pr\u00e4sentiert.<\/p>\n<p>Energieklassen von Wohngeb\u00e4uden<\/p>\n<table class=\"table table-striped\" width=\"100%\">\n<thead>\n<tr>\n<th>Energieklasse<\/th>\n<th>Q\u201d<sub>H,nd,ref<\/sub> \u2013 spezifischen Jahresenergieneeed f\u00fcr Heizung f\u00fcr Referenzklimadatenin kWh \/ (m\u00b2 a)<\/th>\n<\/tr>\n<\/thead>\n<tbody>\n<tr>\n<td>A+<\/td>\n<td>\u2264 15<\/td>\n<\/tr>\n<tr>\n<td>A<\/td>\n<td>\u2264 25<\/td>\n<\/tr>\n<tr>\n<td>B<\/td>\n<td>\u2264 50<\/td>\n<\/tr>\n<tr>\n<td>C<\/td>\n<td>\u2264 100<\/td>\n<\/tr>\n<tr>\n<td>D<\/td>\n<td>\u2264 150<\/td>\n<\/tr>\n<tr>\n<td>E<\/td>\n<td>\u2264 200<\/td>\n<\/tr>\n<tr>\n<td>F<\/td>\n<td>\u2264 250<\/td>\n<\/tr>\n<tr>\n<td>G<\/td>\n<td>&gt; 250<\/td>\n<\/tr>\n<\/tbody>\n<\/table>\n<p>Energieklasse f\u00fcr Wohngeb\u00e4ude , h\u00e4ngt von der spezifischen Jahresw\u00e4rmeenergief\u00fcr die Heizung f\u00fcr Referenzklimadatenin kWh \/ (m\u00b2 a).<\/p>\n<p>Energie- Klassen von Nichtwohngeb\u00e4uden<\/p>\n<table class=\"table table-striped\" width=\"100%\">\n<thead>\n<tr>\n<th>Energy class<\/th>\n<th>Q<sub>H,nd,ref<\/sub> \u2013 spezifischen Jahresenergieneeed f\u00fcr Heizung f\u00fcr Referenzklimadatenin kWh \/ (m\u00b2 a)<\/th>\n<\/tr>\n<\/thead>\n<tbody>\n<tr>\n<td>A+<\/td>\n<td>\u2264 15<\/td>\n<\/tr>\n<tr>\n<td>A<\/td>\n<td>\u2264 25<\/td>\n<\/tr>\n<tr>\n<td>B<\/td>\n<td>\u2264 50<\/td>\n<\/tr>\n<tr>\n<td>C<\/td>\n<td>\u2264 100<\/td>\n<\/tr>\n<tr>\n<td>D<\/td>\n<td>\u2264 150<\/td>\n<\/tr>\n<tr>\n<td>E<\/td>\n<td>\u2264 200<\/td>\n<\/tr>\n<tr>\n<td>F<\/td>\n<td>\u2264 250<\/td>\n<\/tr>\n<tr>\n<td>G<\/td>\n<td>&gt; 250<\/td>\n<\/tr>\n<\/tbody>\n<\/table>\n<p>Energieausweis muss in der \u00f6ffentlichen Geb\u00e4ude oder ein Teil eines gemischt genutzten Geb\u00e4udes, das ist , als eigenst\u00e4ndige Funktionseinheit , f\u00fcr einen \u00f6ffentlichen Zweck verwendet werden, wenn es eine Gesamtnutzfl\u00e4che von mehr als 500 m\u00b2, und vom 9. Juli 2015 mehr als aufgenommen werden 250 m\u00b2 und andere Geb\u00e4ude, das gebaut wird, verkauft, vermietet, im Leasing oder zur Miete gegeben ist, dass seine in sich geschlossene Einheit, die gebaut oder verkauft wird.<\/p>\n<p>Geb\u00e4udetypen als Ganzes oder getrennt nutzbare Geb\u00e4ude f\u00fcr die ein Energiezertifikat durch die vorherrschenden Zweck bestimmt sind unterteilt in:<\/p>\n<h4><strong>A. Wohngeb\u00e4ude:<\/strong><\/h4>\n<ol>\n<li>1. Single- Wohnung und Wohngeb\u00e4ude in einer Reihe mit einer Wohnung, die ein Energieausweis ben\u00f6tigen<\/li>\n<li>2. Zwei oder mehr Familienh\u00e4user und Wohngemeinschaften (zB Altenheime, Sch\u00fcler, Student , Arbeiter oder Kinderheimen , Gef\u00e4ngnissen , Kasernen, etc.) m\u00fcssen ein gemeinsames Zertifikat , aber ein separater Energieausweis erstellt werden.<\/li>\n<\/ol>\n<h4><strong>B.1. Nichtwohngeb\u00e4ude:<\/strong><\/h4>\n<ol>\n<li>B\u00fcro-, Verwaltungs-und anderen B\u00fcrogeb\u00e4uden von \u00e4hnlichen Zweck<\/li>\n<li>Schul-und Universit\u00e4tsgeb\u00e4ude, Kinderg\u00e4rten und anderen Bildungseinrichtungen,<\/li>\n<li>Krankenh\u00e4user und andere Geb\u00e4ude f\u00fcr Gesundheit und soziale Rehabilitation Zwecke bestimmt sind,<\/li>\n<li>Hotels und Restaurants und \u00e4hnliche Geb\u00e4ude f\u00fcr kurze Aufenthalte (einschlie\u00dflich Wohnungen),<\/li>\n<li>Sportgeb\u00e4ude,<\/li>\n<li>Gro\u00df-und Einzelhandelsgeb\u00e4ude (Einkaufszentren, Geb\u00e4ude mit Gesch\u00e4ften),<\/li>\n<\/ol>\n<h4><strong>B.2. Sonstige Nichtwohngeb\u00e4ude , in denen Energie wird verwendet, um bestimmte Anforderungen zu erf\u00fcllen Anlage:<\/strong><\/h4>\n<p>Wohn-und Nichtwohngeb\u00e4ude sind in acht Energieklassen nach der Energieskala von A + bis G, wobei A + markiert den energieeffizientesten und G die am wenigsten energieeffizienten Klasse eingestuft.<\/p>\n<h3><strong>Ausstellende Energieausweis ist nicht erforderlich f\u00fcr:<\/strong><\/h3>\n<ol>\n<li>Neubauten, bestehende Geb\u00e4ude und n\u00fctzliche Einheiten in neue oder bereits bestehende Geb\u00e4ude, die zum Verkauf, Miete, Leasing und haben Nutzfl\u00e4che Nutzung von weniger als 50 m\u00b2,<\/li>\n<li>Geb\u00e4ude mit einer geplanten Nutzungsdauer von zwei Jahren oder weniger,<\/li>\n<li>provisorische Geb\u00e4ude als Teil der Vorbereitungsarbeiten f\u00fcr die Bed\u00fcrfnisse der Baustelle aufgebaut ist,<\/li>\n<li>Werkst\u00e4tten, Fabriken, Industriegeb\u00e4uden und anderen gewerblichen Geb\u00e4uden, die im Einklang mit ihrer Verwendung muss offen f\u00fcr mehr als die H\u00e4lfte der Arbeitszeit gehalten werden, wenn sie dno&#8217;t haben einen eingebauten Kopfairbags<\/li>\n<li>einfache Strukturen in der besonderen Verordnung festgelegt<\/li>\n<li>vorhandenen Geb\u00e4uden oder ihre individuellen Nutzungseinheiten , die im Fall eines Zwangsverkauf oder Abschottung verkauft oder im Konkursverfahren ihre Eigentumsrechte \u00fcbertragen werden sollen<\/li>\n<li>bestehenden Geb\u00e4uden oder deren separate Einheiten sinnvoll, die verkauft werden oder an einen Ehepartner oder unmittelbare Familienmitglieder angemietet<\/li>\n<li>Geb\u00e4ude, die nicht erhitzt oder auf eine Temperatur von bis zu +12\u00b0 C neben K\u00e4ltespeicher sind<\/li>\n<\/ol>\n<\/div><div class=\"fusion-text fusion-text-2\"><h3><strong>Dokumente (PDF)<\/strong><\/h3>\n<ul>\n<li><strong><a href=\"https:\/\/sedra.hr\/wp-content\/uploads\/2022\/09\/Pravilnik-o-energetskom-pregledu-zgrade-i-energetskom-certificiranju-NN-88-2017.pdf\" target=\"_blank\" rel=\"noopener\">Verordnung \u00fcber Geb\u00e4udeenergieinspektion und Energieausweis NN 88-2017f\u00fcr Geb\u00e4ude<\/a><\/strong><\/li>\n<\/ul>\n<\/div><\/div><style type=\"text\/css\">.fusion-body .fusion-builder-column-1{width:66.666666666667% !important;margin-top : 0px;margin-bottom : 20px;}.fusion-builder-column-1 > .fusion-column-wrapper {padding-top : 0px !important;padding-right : 0px !important;margin-right : 2.88%;padding-bottom : 0px !important;padding-left : 0px !important;margin-left : 2.88%;}@media only screen and (max-width:1024px) {.fusion-body .fusion-builder-column-1{width:66.666666666667% !important;order : 0;}.fusion-builder-column-1 > .fusion-column-wrapper {margin-right : 2.88%;margin-left : 2.88%;}}@media only screen and (max-width:640px) {.fusion-body .fusion-builder-column-1{width:100% !important;order : 0;}.fusion-builder-column-1 > .fusion-column-wrapper {margin-right : 1.92%;margin-left : 1.92%;}}<\/style><\/div><div class=\"fusion-layout-column fusion_builder_column fusion-builder-column-2 fusion_builder_column_1_3 1_3 fusion-flex-column\"><div class=\"fusion-column-wrapper fusion-flex-justify-content-flex-start fusion-content-layout-column\" style=\"background-position:left top;background-repeat:no-repeat;-webkit-background-size:cover;-moz-background-size:cover;-o-background-size:cover;background-size:cover;padding: 0px 0px 0px 0px;\"><div ><span class=\" fusion-imageframe imageframe-none imageframe-1 hover-type-none\"><a class=\"fusion-no-lightbox\" href=\"http:\/\/sedra.hr\/de\/dienstleistungen\/fachbauleitung\/\" target=\"_self\" aria-label=\"1-FACHBAULEITUNG-300&#215;100-new\"><img decoding=\"async\" width=\"300\" height=\"100\" src=\"http:\/\/sedra.hr\/wp-content\/uploads\/2017\/10\/1-FACHBAULEITUNG-300x100-new.jpg\" alt class=\"img-responsive wp-image-3012\"\/><\/a><\/span><\/div><div ><span class=\" fusion-imageframe imageframe-none imageframe-2 hover-type-none\"><a class=\"fusion-no-lightbox\" href=\"http:\/\/sedra.hr\/de\/dienstleistungen\/planung\/\" target=\"_self\" aria-label=\"2-PLANUNG-300&#215;100-new\"><img decoding=\"async\" width=\"300\" height=\"100\" src=\"http:\/\/sedra.hr\/wp-content\/uploads\/2017\/10\/2-PLANUNG-300x100-new.jpg\" alt class=\"img-responsive wp-image-3010\"\/><\/a><\/span><\/div><div ><span class=\" fusion-imageframe imageframe-none imageframe-3 hover-type-none\"><a class=\"fusion-no-lightbox\" href=\"http:\/\/sedra.hr\/de\/dienstleistungen\/projektmanagement-und-beratungsdienstleistungen\/\" target=\"_self\" aria-label=\"3-PROJEKTMANAGEMENT-300&#215;100-new\"><img decoding=\"async\" width=\"300\" height=\"100\" src=\"http:\/\/sedra.hr\/wp-content\/uploads\/2017\/10\/3-PROJEKTMANAGEMENT-300x100-new.jpg\" alt class=\"img-responsive wp-image-3008\"\/><\/a><\/span><\/div><div ><span class=\" fusion-imageframe imageframe-none imageframe-4 hover-type-none\"><a class=\"fusion-no-lightbox\" href=\"http:\/\/sedra.hr\/de\/dienstleistungen\/rechtsgutachten-fuer-bauwesen-und-immobilienbewertung\/\" target=\"_self\" aria-label=\"4-RECHTSGUTACHTEN-300&#215;100-new\"><img decoding=\"async\" width=\"300\" height=\"100\" src=\"http:\/\/sedra.hr\/wp-content\/uploads\/2017\/10\/4-RECHTSGUTACHTEN-300x100-new.jpg\" alt class=\"img-responsive wp-image-3006\"\/><\/a><\/span><\/div><div ><span class=\" fusion-imageframe imageframe-none imageframe-5 hover-type-none\"><a class=\"fusion-no-lightbox\" href=\"http:\/\/sedra.hr\/de\/dienstleistungen\/energieaudit-und-zertifizierung-von-objekten\/\" target=\"_self\" aria-label=\"5-ENERGIEAUDIT&#8211;300&#215;100-new\"><img decoding=\"async\" width=\"300\" height=\"100\" src=\"http:\/\/sedra.hr\/wp-content\/uploads\/2017\/10\/5-ENERGIEAUDIT-300x100-new.jpg\" alt class=\"img-responsive wp-image-3004\"\/><\/a><\/span><\/div><div ><span class=\" fusion-imageframe imageframe-none imageframe-6 hover-type-none\"><a class=\"fusion-no-lightbox\" href=\"http:\/\/sedra.hr\/de\/dienstleistungen\/arbeitsschutzkoordinator-i-und-ii\/\" target=\"_self\" aria-label=\"6-ARBEITSSCHUTZKOORDINATOR-300&#215;100-new\"><img decoding=\"async\" width=\"300\" height=\"100\" src=\"http:\/\/sedra.hr\/wp-content\/uploads\/2017\/10\/6-ARBEITSSCHUTZKOORDINATOR-300x100-new.jpg\" alt class=\"img-responsive wp-image-3016\"\/><\/a><\/span><\/div><div ><span class=\" fusion-imageframe imageframe-none imageframe-7 hover-type-none\"><a class=\"fusion-no-lightbox\" href=\"http:\/\/sedra.hr\/de\/dienstleistungen\/vermessungsdienstleistungen\/\" target=\"_self\" aria-label=\"7-VERMESSUNGSDIENSTLEISTUNGEN-300&#215;100-new\"><img decoding=\"async\" width=\"300\" height=\"100\" src=\"http:\/\/sedra.hr\/wp-content\/uploads\/2017\/10\/7-VERMESSUNGSDIENSTLEISTUNGEN-300x100-new.jpg\" alt class=\"img-responsive wp-image-3014\"\/><\/a><\/span><\/div><\/div><style type=\"text\/css\">.fusion-body .fusion-builder-column-2{width:33.333333333333% !important;margin-top : 25px;margin-bottom : 20px;}.fusion-builder-column-2 > .fusion-column-wrapper {padding-top : 0px !important;padding-right : 0px !important;margin-right : 5.76%;padding-bottom : 0px !important;padding-left : 0px !important;margin-left : 5.76%;}@media only screen and (max-width:1024px) {.fusion-body .fusion-builder-column-2{width:33.333333333333% !important;order : 0;}.fusion-builder-column-2 > .fusion-column-wrapper {margin-right : 5.76%;margin-left : 5.76%;}}@media only screen and (max-width:640px) {.fusion-body .fusion-builder-column-2{width:100% !important;order : 0;}.fusion-builder-column-2 > .fusion-column-wrapper {margin-right : 1.92%;margin-left : 1.92%;}}<\/style><\/div>\n<div class=\"fusion-layout-column fusion_builder_column fusion-builder-column-3 fusion_builder_column_1_1 1_1 fusion-flex-column fusion-flex-align-self-flex-start fusion-column-no-min-height\"><div class=\"fusion-column-wrapper fusion-flex-justify-content-flex-start fusion-content-layout-column\" style=\"background-position:left top;background-repeat:no-repeat;-webkit-background-size:cover;-moz-background-size:cover;-o-background-size:cover;background-size:cover;padding: 0px 0px 0px 0px;\"><div class=\"fusion-separator fusion-full-width-sep\" style=\"align-self: center;margin-left: auto;margin-right: auto;width:100%;\"><div class=\"fusion-separator-border sep-single sep-solid\" style=\"border-color:#b44c43;border-top-width:1px;\"><\/div><\/div><\/div><style type=\"text\/css\">.fusion-body .fusion-builder-column-3{width:100% !important;margin-top : 0px;margin-bottom : 0px;}.fusion-builder-column-3 > .fusion-column-wrapper {padding-top : 0px !important;padding-right : 0px !important;margin-right : 1.92%;padding-bottom : 0px !important;padding-left : 0px !important;margin-left : 1.92%;}@media only screen and (max-width:1024px) {.fusion-body .fusion-builder-column-3{width:100% !important;}.fusion-builder-column-3 > .fusion-column-wrapper {margin-right : 1.92%;margin-left : 1.92%;}}@media only screen and (max-width:640px) {.fusion-body .fusion-builder-column-3{width:100% !important;}.fusion-builder-column-3 > .fusion-column-wrapper {margin-right : 1.92%;margin-left : 1.92%;}}<\/style><\/div><\/div><style type=\"text\/css\">.fusion-fullwidth.fusion-builder-row-1 { overflow:visible; }.fusion-body .fusion-flex-container.fusion-builder-row-1{ padding-top : 0px;margin-top : 0px;padding-right : 0px;padding-bottom : 0px;margin-bottom : 0px;padding-left : 0px;}<\/style><\/div>\n","protected":false},"excerpt":{"rendered":"","protected":false},"author":1,"featured_media":0,"parent":3739,"menu_order":0,"comment_status":"closed","ping_status":"closed","template":"","meta":[],"yoast_head":"<!-- This site is optimized with the Yoast SEO plugin v20.3 - https:\/\/yoast.com\/wordpress\/plugins\/seo\/ -->\n<title>Energieaudit und Zertifizierung von Objekten - Sedra Consulting<\/title>\n<meta name=\"robots\" content=\"index, follow, max-snippet:-1, max-image-preview:large, max-video-preview:-1\" \/>\n<link rel=\"canonical\" href=\"https:\/\/sedra.hr\/de\/dienstleistungen\/energieaudit-und-zertifizierung-von-objekten\/\" \/>\n<meta property=\"og:locale\" content=\"de_DE\" \/>\n<meta property=\"og:type\" content=\"article\" \/>\n<meta property=\"og:title\" content=\"Energieaudit und Zertifizierung von Objekten - Sedra Consulting\" \/>\n<meta property=\"og:url\" content=\"https:\/\/sedra.hr\/de\/dienstleistungen\/energieaudit-und-zertifizierung-von-objekten\/\" \/>\n<meta property=\"og:site_name\" content=\"Sedra Consulting\" \/>\n<meta property=\"article:publisher\" content=\"https:\/\/hr-hr.facebook.com\/Sedra-consulting-1432815296953117\/\" \/>\n<meta property=\"article:modified_time\" content=\"2022-09-08T12:27:45+00:00\" \/>\n<meta name=\"twitter:card\" content=\"summary_large_image\" \/>\n<meta name=\"twitter:label1\" content=\"Gesch\u00e4tzte Lesezeit\" \/>\n\t<meta name=\"twitter:data1\" content=\"12\u00a0Minuten\" \/>\n<script type=\"application\/ld+json\" class=\"yoast-schema-graph\">{\"@context\":\"https:\/\/schema.org\",\"@graph\":[{\"@type\":\"WebPage\",\"@id\":\"https:\/\/sedra.hr\/de\/dienstleistungen\/energieaudit-und-zertifizierung-von-objekten\/\",\"url\":\"https:\/\/sedra.hr\/de\/dienstleistungen\/energieaudit-und-zertifizierung-von-objekten\/\",\"name\":\"Energieaudit und Zertifizierung von Objekten - Sedra Consulting\",\"isPartOf\":{\"@id\":\"https:\/\/sedra.hr\/en\/#website\"},\"datePublished\":\"2016-01-18T13:16:04+00:00\",\"dateModified\":\"2022-09-08T12:27:45+00:00\",\"breadcrumb\":{\"@id\":\"https:\/\/sedra.hr\/de\/dienstleistungen\/energieaudit-und-zertifizierung-von-objekten\/#breadcrumb\"},\"inLanguage\":\"de\",\"potentialAction\":[{\"@type\":\"ReadAction\",\"target\":[\"https:\/\/sedra.hr\/de\/dienstleistungen\/energieaudit-und-zertifizierung-von-objekten\/\"]}]},{\"@type\":\"BreadcrumbList\",\"@id\":\"https:\/\/sedra.hr\/de\/dienstleistungen\/energieaudit-und-zertifizierung-von-objekten\/#breadcrumb\",\"itemListElement\":[{\"@type\":\"ListItem\",\"position\":1,\"name\":\"Po\u010detna stranica\",\"item\":\"https:\/\/sedra.hr\/de\/\"},{\"@type\":\"ListItem\",\"position\":2,\"name\":\"Dienstleistungen\",\"item\":\"https:\/\/sedra.hr\/de\/dienstleistungen\/\"},{\"@type\":\"ListItem\",\"position\":3,\"name\":\"Energieaudit und Zertifizierung von Objekten\"}]},{\"@type\":\"WebSite\",\"@id\":\"https:\/\/sedra.hr\/en\/#website\",\"url\":\"https:\/\/sedra.hr\/en\/\",\"name\":\"Sedra Consulting\",\"description\":\"Dobrodo\u0161li na stranice SEDRA Consultinga\",\"publisher\":{\"@id\":\"https:\/\/sedra.hr\/en\/#organization\"},\"potentialAction\":[{\"@type\":\"SearchAction\",\"target\":{\"@type\":\"EntryPoint\",\"urlTemplate\":\"https:\/\/sedra.hr\/en\/?s={search_term_string}\"},\"query-input\":\"required name=search_term_string\"}],\"inLanguage\":\"de\"},{\"@type\":\"Organization\",\"@id\":\"https:\/\/sedra.hr\/en\/#organization\",\"name\":\"Sedra Consulting\",\"url\":\"https:\/\/sedra.hr\/en\/\",\"logo\":{\"@type\":\"ImageObject\",\"inLanguage\":\"de\",\"@id\":\"https:\/\/sedra.hr\/en\/#\/schema\/logo\/image\/\",\"url\":\"https:\/\/sedra.hr\/wp-content\/uploads\/2022\/08\/sedra-logo-e1453211711949-77.png\",\"contentUrl\":\"https:\/\/sedra.hr\/wp-content\/uploads\/2022\/08\/sedra-logo-e1453211711949-77.png\",\"width\":250,\"height\":75,\"caption\":\"Sedra Consulting\"},\"image\":{\"@id\":\"https:\/\/sedra.hr\/en\/#\/schema\/logo\/image\/\"},\"sameAs\":[\"https:\/\/hr-hr.facebook.com\/Sedra-consulting-1432815296953117\/\",\"https:\/\/www.linkedin.com\/company\/sedra-consulting-d.o.o.\",\"https:\/\/www.instagram.com\/sedra_consulting\/\"]}]}<\/script>\n<!-- \/ Yoast SEO plugin. -->","yoast_head_json":{"title":"Energieaudit und Zertifizierung von Objekten - Sedra Consulting","robots":{"index":"index","follow":"follow","max-snippet":"max-snippet:-1","max-image-preview":"max-image-preview:large","max-video-preview":"max-video-preview:-1"},"canonical":"https:\/\/sedra.hr\/de\/dienstleistungen\/energieaudit-und-zertifizierung-von-objekten\/","og_locale":"de_DE","og_type":"article","og_title":"Energieaudit und Zertifizierung von Objekten - Sedra Consulting","og_url":"https:\/\/sedra.hr\/de\/dienstleistungen\/energieaudit-und-zertifizierung-von-objekten\/","og_site_name":"Sedra Consulting","article_publisher":"https:\/\/hr-hr.facebook.com\/Sedra-consulting-1432815296953117\/","article_modified_time":"2022-09-08T12:27:45+00:00","twitter_card":"summary_large_image","twitter_misc":{"Gesch\u00e4tzte Lesezeit":"12\u00a0Minuten"},"schema":{"@context":"https:\/\/schema.org","@graph":[{"@type":"WebPage","@id":"https:\/\/sedra.hr\/de\/dienstleistungen\/energieaudit-und-zertifizierung-von-objekten\/","url":"https:\/\/sedra.hr\/de\/dienstleistungen\/energieaudit-und-zertifizierung-von-objekten\/","name":"Energieaudit und Zertifizierung von Objekten - Sedra Consulting","isPartOf":{"@id":"https:\/\/sedra.hr\/en\/#website"},"datePublished":"2016-01-18T13:16:04+00:00","dateModified":"2022-09-08T12:27:45+00:00","breadcrumb":{"@id":"https:\/\/sedra.hr\/de\/dienstleistungen\/energieaudit-und-zertifizierung-von-objekten\/#breadcrumb"},"inLanguage":"de","potentialAction":[{"@type":"ReadAction","target":["https:\/\/sedra.hr\/de\/dienstleistungen\/energieaudit-und-zertifizierung-von-objekten\/"]}]},{"@type":"BreadcrumbList","@id":"https:\/\/sedra.hr\/de\/dienstleistungen\/energieaudit-und-zertifizierung-von-objekten\/#breadcrumb","itemListElement":[{"@type":"ListItem","position":1,"name":"Po\u010detna stranica","item":"https:\/\/sedra.hr\/de\/"},{"@type":"ListItem","position":2,"name":"Dienstleistungen","item":"https:\/\/sedra.hr\/de\/dienstleistungen\/"},{"@type":"ListItem","position":3,"name":"Energieaudit und Zertifizierung von Objekten"}]},{"@type":"WebSite","@id":"https:\/\/sedra.hr\/en\/#website","url":"https:\/\/sedra.hr\/en\/","name":"Sedra Consulting","description":"Dobrodo\u0161li na stranice SEDRA Consultinga","publisher":{"@id":"https:\/\/sedra.hr\/en\/#organization"},"potentialAction":[{"@type":"SearchAction","target":{"@type":"EntryPoint","urlTemplate":"https:\/\/sedra.hr\/en\/?s={search_term_string}"},"query-input":"required name=search_term_string"}],"inLanguage":"de"},{"@type":"Organization","@id":"https:\/\/sedra.hr\/en\/#organization","name":"Sedra Consulting","url":"https:\/\/sedra.hr\/en\/","logo":{"@type":"ImageObject","inLanguage":"de","@id":"https:\/\/sedra.hr\/en\/#\/schema\/logo\/image\/","url":"https:\/\/sedra.hr\/wp-content\/uploads\/2022\/08\/sedra-logo-e1453211711949-77.png","contentUrl":"https:\/\/sedra.hr\/wp-content\/uploads\/2022\/08\/sedra-logo-e1453211711949-77.png","width":250,"height":75,"caption":"Sedra Consulting"},"image":{"@id":"https:\/\/sedra.hr\/en\/#\/schema\/logo\/image\/"},"sameAs":["https:\/\/hr-hr.facebook.com\/Sedra-consulting-1432815296953117\/","https:\/\/www.linkedin.com\/company\/sedra-consulting-d.o.o.","https:\/\/www.instagram.com\/sedra_consulting\/"]}]}},"_links":{"self":[{"href":"https:\/\/sedra.hr\/de\/wp-json\/wp\/v2\/pages\/3758"}],"collection":[{"href":"https:\/\/sedra.hr\/de\/wp-json\/wp\/v2\/pages"}],"about":[{"href":"https:\/\/sedra.hr\/de\/wp-json\/wp\/v2\/types\/page"}],"author":[{"embeddable":true,"href":"https:\/\/sedra.hr\/de\/wp-json\/wp\/v2\/users\/1"}],"replies":[{"embeddable":true,"href":"https:\/\/sedra.hr\/de\/wp-json\/wp\/v2\/comments?post=3758"}],"version-history":[{"count":2,"href":"https:\/\/sedra.hr\/de\/wp-json\/wp\/v2\/pages\/3758\/revisions"}],"predecessor-version":[{"id":3878,"href":"https:\/\/sedra.hr\/de\/wp-json\/wp\/v2\/pages\/3758\/revisions\/3878"}],"up":[{"embeddable":true,"href":"https:\/\/sedra.hr\/de\/wp-json\/wp\/v2\/pages\/3739"}],"wp:attachment":[{"href":"https:\/\/sedra.hr\/de\/wp-json\/wp\/v2\/media?parent=3758"}],"curies":[{"name":"wp","href":"https:\/\/api.w.org\/{rel}","templated":true}]}}