{"id":3753,"date":"2016-01-18T13:14:48","date_gmt":"2016-01-18T13:14:48","guid":{"rendered":"http:\/\/sedra.hr\/?page_id=3753"},"modified":"2022-09-05T08:39:55","modified_gmt":"2022-09-05T08:39:55","slug":"projektmanagement-und-beratungsdienstleistungen","status":"publish","type":"page","link":"https:\/\/sedra.hr\/de\/dienstleistungen\/projektmanagement-und-beratungsdienstleistungen\/","title":{"rendered":"Projektmanagement und Beratungsdienstleistungen"},"content":{"rendered":"<div class=\"fusion-fullwidth fullwidth-box fusion-builder-row-1 fusion-flex-container hundred-percent-fullwidth non-hundred-percent-height-scrolling\" style=\"background-color: rgba(255,255,255,0);background-position: center center;background-repeat: no-repeat;border-width: 0px 0px 0px 0px;border-color:#eae9e9;border-style:solid;\" ><div class=\"fusion-builder-row fusion-row fusion-flex-align-items-flex-start\" style=\"width:104% !important;max-width:104% !important;margin-left: calc(-4% \/ 2 );margin-right: calc(-4% \/ 2 );\"><div class=\"fusion-layout-column fusion_builder_column fusion-builder-column-0 fusion_builder_column_1_1 1_1 fusion-flex-column fusion-flex-align-self-flex-start fusion-column-no-min-height\"><div class=\"fusion-column-wrapper fusion-flex-justify-content-flex-start fusion-content-layout-column\" style=\"background-position:left top;background-repeat:no-repeat;-webkit-background-size:cover;-moz-background-size:cover;-o-background-size:cover;background-size:cover;padding: 0px 0px 0px 0px;\"><div class=\"fusion-separator fusion-full-width-sep\" style=\"align-self: center;margin-left: auto;margin-right: auto;width:100%;\"><div class=\"fusion-separator-border sep-single sep-solid\" style=\"border-color:#b44c43;border-top-width:1px;\"><\/div><\/div><\/div><style type=\"text\/css\">.fusion-body .fusion-builder-column-0{width:100% !important;margin-top : 0px;margin-bottom : 0px;}.fusion-builder-column-0 > .fusion-column-wrapper {padding-top : 0px !important;padding-right : 0px !important;margin-right : 1.92%;padding-bottom : 0px !important;padding-left : 0px !important;margin-left : 1.92%;}@media only screen and (max-width:1024px) {.fusion-body .fusion-builder-column-0{width:100% !important;order : 0;}.fusion-builder-column-0 > .fusion-column-wrapper {margin-right : 1.92%;margin-left : 1.92%;}}@media only screen and (max-width:640px) {.fusion-body .fusion-builder-column-0{width:100% !important;order : 0;}.fusion-builder-column-0 > .fusion-column-wrapper {margin-right : 1.92%;margin-left : 1.92%;}}<\/style><\/div><div class=\"fusion-layout-column fusion_builder_column fusion-builder-column-1 fusion_builder_column_2_3 2_3 fusion-flex-column fusion-flex-align-self-flex-start fusion-column-no-min-height\"><div class=\"fusion-column-wrapper fusion-flex-justify-content-flex-start fusion-content-layout-column\" style=\"background-position:left top;background-repeat:no-repeat;-webkit-background-size:cover;-moz-background-size:cover;-o-background-size:cover;background-size:cover;padding: 0px 0px 0px 0px;\"><div class=\"fusion-text fusion-text-1\"><div class=\"row-fluid\">\n<div class=\"span7 offset1\">\n<article>\n<h3><strong>Projektmanagement und Beratungsdienstleistungen<\/strong><\/h3>\n<p><strong>Das Projekt<\/strong> &#8211; ein Unterfangen, das jeder Mensch ein klar definiertes Ziel , die in Stufen innerhalb einer bestimmten Zeit durchgef\u00fchrt wird, mit einer Vielzahl von begrenzt verf\u00fcgbaren Ressourcen hat.<\/p>\n<p><strong>Projektmanagement<\/strong> ist die Planung, Delegation, die \u00dcberwachung und Steuerung aller Aspekte des Projekts , und die Motivation der Projektteilnehmer, um den Zweck des Projekts innerhalb der erwarteten Satz Qualit\u00e4tsziele , die erwarteten Vorteile und Risiken zu erzielen.<\/p>\n<p>Alle Projekte m\u00fcssen ein gewisses Ma\u00df an Management. Je gr\u00f6\u00dfer das Projekt, und komplexer, desto gr\u00f6\u00dfer ist der Bedarf f\u00fcr eine formale, Standard, strukturierten Prozess.<\/p>\n<p>All projects need some level of management. The larger the project, and more complex, the greater the need for a formal, standard, structured process.<\/p>\n<p>Bei der Durchf\u00fchrung eines Bauvorhabens k\u00f6nnen folgende Risiken auftreten:<\/p>\n<ol>\n<li>Riskieren, mit dem Investor, der Vertrag oder die Auslegung bestimmter Vertragsbestandteile<\/li>\n<li>Risiko von Bau-Qualit\u00e4t<\/li>\n<li>Kostenrisiko<\/li>\n<li>das Risiko, die die Bedingungen des Vertrages und Fristen<\/li>\n<\/ol>\n<p>Die L\u00f6sung liegt in dem Bem\u00fchen, die oben genannten Risiken mit Bauprodukt zu minimieren , um die wirtschaftlichen Vorteile von Bauvorhaben zu erreichen, w\u00e4hrend unser Team von Experten kann garantieren, dass jedes Projekt unserer Kunden ist in einem professionellen und zufriedenstellend f\u00fcr den Kunden fertig.<\/p>\n<p>Bau-Projekt-Management k\u00f6nnen wir unseren Kunden bieten:<\/p>\n<ul>\n<li>Beratung der Anleger in Zusammenhang mit der Erstellung der Projektdokumentation<\/li>\n<li>Planung und \u00dcberwachung der Dynamik der Pr\u00fcfung des Projekts<\/li>\n<li>Wirtschaftliche Datenverarbeitung auf das Projektmanagement<\/li>\n<li>Koordination aller Teilnehmer an der Durchf\u00fchrung des Projekts<\/li>\n<li>Risikoanalyse der zu erwartenden Kosten und die geplante Zeit der Projektdurchf\u00fchrung<\/li>\n<li>Die Pr\u00fcfungspl\u00e4ne des Projekts<\/li>\n<li>Berichterstattung \u00fcber den Stand des Projekts<\/li>\n<li>aking entsprechende Berichte f\u00fcr die Anleger auf die Bauarbeiten an den Kosten, Termine und Qualit\u00e4t der Arbeit in den Wochenberichten durchgef\u00fchrten \u00dcber<\/li>\n<\/ul>\n<\/article>\n<\/div>\n<\/div>\n<\/div><\/div><style type=\"text\/css\">.fusion-body .fusion-builder-column-1{width:66.666666666667% !important;margin-top : 0px;margin-bottom : 20px;}.fusion-builder-column-1 > .fusion-column-wrapper {padding-top : 0px !important;padding-right : 0px !important;margin-right : 2.88%;padding-bottom : 0px !important;padding-left : 0px !important;margin-left : 2.88%;}@media only screen and (max-width:1024px) {.fusion-body .fusion-builder-column-1{width:66.666666666667% !important;order : 0;}.fusion-builder-column-1 > .fusion-column-wrapper {margin-right : 2.88%;margin-left : 2.88%;}}@media only screen and (max-width:640px) {.fusion-body .fusion-builder-column-1{width:100% !important;order : 0;}.fusion-builder-column-1 > .fusion-column-wrapper {margin-right : 1.92%;margin-left : 1.92%;}}<\/style><\/div><div class=\"fusion-layout-column fusion_builder_column fusion-builder-column-2 fusion_builder_column_1_3 1_3 fusion-flex-column\"><div class=\"fusion-column-wrapper fusion-flex-justify-content-flex-start fusion-content-layout-column\" style=\"background-position:left top;background-repeat:no-repeat;-webkit-background-size:cover;-moz-background-size:cover;-o-background-size:cover;background-size:cover;padding: 0px 0px 0px 0px;\"><div ><span class=\" fusion-imageframe imageframe-none imageframe-1 hover-type-none\"><a class=\"fusion-no-lightbox\" href=\"http:\/\/sedra.hr\/de\/dienstleistungen\/fachbauleitung\/\" target=\"_self\" aria-label=\"1-FACHBAULEITUNG-300&#215;100-new\"><img decoding=\"async\" width=\"300\" height=\"100\" src=\"http:\/\/sedra.hr\/wp-content\/uploads\/2017\/10\/1-FACHBAULEITUNG-300x100-new.jpg\" alt class=\"img-responsive wp-image-3012\"\/><\/a><\/span><\/div><div ><span class=\" fusion-imageframe imageframe-none imageframe-2 hover-type-none\"><a class=\"fusion-no-lightbox\" href=\"http:\/\/sedra.hr\/de\/dienstleistungen\/planung\/\" target=\"_self\" aria-label=\"2-PLANUNG-300&#215;100-new\"><img decoding=\"async\" width=\"300\" height=\"100\" src=\"http:\/\/sedra.hr\/wp-content\/uploads\/2017\/10\/2-PLANUNG-300x100-new.jpg\" alt class=\"img-responsive wp-image-3010\"\/><\/a><\/span><\/div><div ><span class=\" fusion-imageframe imageframe-none imageframe-3 hover-type-none\"><a class=\"fusion-no-lightbox\" href=\"http:\/\/sedra.hr\/de\/dienstleistungen\/projektmanagement-und-beratungsdienstleistungen\/\" target=\"_self\" aria-label=\"3-PROJEKTMANAGEMENT-300&#215;100-new\"><img decoding=\"async\" width=\"300\" height=\"100\" src=\"http:\/\/sedra.hr\/wp-content\/uploads\/2017\/10\/3-PROJEKTMANAGEMENT-300x100-new.jpg\" alt class=\"img-responsive wp-image-3008\"\/><\/a><\/span><\/div><div ><span class=\" fusion-imageframe imageframe-none imageframe-4 hover-type-none\"><a class=\"fusion-no-lightbox\" href=\"http:\/\/sedra.hr\/de\/dienstleistungen\/rechtsgutachten-fuer-bauwesen-und-immobilienbewertung\/\" target=\"_self\" aria-label=\"4-RECHTSGUTACHTEN-300&#215;100-new\"><img decoding=\"async\" width=\"300\" height=\"100\" src=\"http:\/\/sedra.hr\/wp-content\/uploads\/2017\/10\/4-RECHTSGUTACHTEN-300x100-new.jpg\" alt class=\"img-responsive wp-image-3006\"\/><\/a><\/span><\/div><div ><span class=\" fusion-imageframe imageframe-none imageframe-5 hover-type-none\"><a class=\"fusion-no-lightbox\" href=\"http:\/\/sedra.hr\/de\/dienstleistungen\/energieaudit-und-zertifizierung-von-objekten\/\" target=\"_self\" aria-label=\"5-ENERGIEAUDIT&#8211;300&#215;100-new\"><img decoding=\"async\" width=\"300\" height=\"100\" src=\"http:\/\/sedra.hr\/wp-content\/uploads\/2017\/10\/5-ENERGIEAUDIT-300x100-new.jpg\" alt class=\"img-responsive wp-image-3004\"\/><\/a><\/span><\/div><div ><span class=\" fusion-imageframe imageframe-none imageframe-6 hover-type-none\"><a class=\"fusion-no-lightbox\" href=\"http:\/\/sedra.hr\/de\/dienstleistungen\/arbeitsschutzkoordinator-i-und-ii\/\" target=\"_self\" aria-label=\"6-ARBEITSSCHUTZKOORDINATOR-300&#215;100-new\"><img decoding=\"async\" width=\"300\" height=\"100\" src=\"http:\/\/sedra.hr\/wp-content\/uploads\/2017\/10\/6-ARBEITSSCHUTZKOORDINATOR-300x100-new.jpg\" alt class=\"img-responsive wp-image-3016\"\/><\/a><\/span><\/div><div ><span class=\" fusion-imageframe imageframe-none imageframe-7 hover-type-none\"><a class=\"fusion-no-lightbox\" href=\"http:\/\/sedra.hr\/de\/dienstleistungen\/vermessungsdienstleistungen\/\" target=\"_self\" aria-label=\"7-VERMESSUNGSDIENSTLEISTUNGEN-300&#215;100-new\"><img decoding=\"async\" width=\"300\" height=\"100\" src=\"http:\/\/sedra.hr\/wp-content\/uploads\/2017\/10\/7-VERMESSUNGSDIENSTLEISTUNGEN-300x100-new.jpg\" alt class=\"img-responsive wp-image-3014\"\/><\/a><\/span><\/div><\/div><style type=\"text\/css\">.fusion-body .fusion-builder-column-2{width:33.333333333333% !important;margin-top : 25px;margin-bottom : 20px;}.fusion-builder-column-2 > .fusion-column-wrapper {padding-top : 0px !important;padding-right : 0px !important;margin-right : 5.76%;padding-bottom : 0px !important;padding-left : 0px !important;margin-left : 5.76%;}@media only screen and (max-width:1024px) {.fusion-body .fusion-builder-column-2{width:33.333333333333% !important;order : 0;}.fusion-builder-column-2 > .fusion-column-wrapper {margin-right : 5.76%;margin-left : 5.76%;}}@media only screen and (max-width:640px) {.fusion-body .fusion-builder-column-2{width:100% !important;order : 0;}.fusion-builder-column-2 > .fusion-column-wrapper {margin-right : 1.92%;margin-left : 1.92%;}}<\/style><\/div>\n<div class=\"fusion-layout-column fusion_builder_column fusion-builder-column-3 fusion_builder_column_1_1 1_1 fusion-flex-column fusion-flex-align-self-flex-start fusion-column-no-min-height\"><div class=\"fusion-column-wrapper fusion-flex-justify-content-flex-start fusion-content-layout-column\" style=\"background-position:left top;background-repeat:no-repeat;-webkit-background-size:cover;-moz-background-size:cover;-o-background-size:cover;background-size:cover;padding: 0px 0px 0px 0px;\"><div class=\"fusion-separator fusion-full-width-sep\" style=\"align-self: center;margin-left: auto;margin-right: auto;width:100%;\"><div class=\"fusion-separator-border sep-single sep-solid\" style=\"border-color:#b44c43;border-top-width:1px;\"><\/div><\/div><\/div><style type=\"text\/css\">.fusion-body .fusion-builder-column-3{width:100% !important;margin-top : 0px;margin-bottom : 0px;}.fusion-builder-column-3 > .fusion-column-wrapper {padding-top : 0px !important;padding-right : 0px !important;margin-right : 1.92%;padding-bottom : 0px !important;padding-left : 0px !important;margin-left : 1.92%;}@media only screen and (max-width:1024px) {.fusion-body .fusion-builder-column-3{width:100% !important;}.fusion-builder-column-3 > .fusion-column-wrapper {margin-right : 1.92%;margin-left : 1.92%;}}@media only screen and (max-width:640px) {.fusion-body .fusion-builder-column-3{width:100% !important;}.fusion-builder-column-3 > .fusion-column-wrapper {margin-right : 1.92%;margin-left : 1.92%;}}<\/style><\/div><\/div><style type=\"text\/css\">.fusion-fullwidth.fusion-builder-row-1 { overflow:visible; }.fusion-body .fusion-flex-container.fusion-builder-row-1{ padding-top : 0px;margin-top : 0px;padding-right : 0px;padding-bottom : 0px;margin-bottom : 0px;padding-left : 0px;}<\/style><\/div>\n","protected":false},"excerpt":{"rendered":"","protected":false},"author":1,"featured_media":0,"parent":3739,"menu_order":0,"comment_status":"closed","ping_status":"closed","template":"","meta":[],"yoast_head":"<!-- This site is optimized with the Yoast SEO plugin v20.3 - https:\/\/yoast.com\/wordpress\/plugins\/seo\/ -->\n<title>Projektmanagement und Beratungsdienstleistungen - Sedra Consulting<\/title>\n<meta name=\"robots\" content=\"index, follow, max-snippet:-1, max-image-preview:large, max-video-preview:-1\" \/>\n<link rel=\"canonical\" href=\"https:\/\/sedra.hr\/de\/dienstleistungen\/projektmanagement-und-beratungsdienstleistungen\/\" \/>\n<meta property=\"og:locale\" content=\"de_DE\" \/>\n<meta property=\"og:type\" content=\"article\" \/>\n<meta property=\"og:title\" content=\"Projektmanagement und Beratungsdienstleistungen - Sedra Consulting\" \/>\n<meta property=\"og:url\" content=\"https:\/\/sedra.hr\/de\/dienstleistungen\/projektmanagement-und-beratungsdienstleistungen\/\" \/>\n<meta property=\"og:site_name\" content=\"Sedra Consulting\" \/>\n<meta property=\"article:publisher\" content=\"https:\/\/hr-hr.facebook.com\/Sedra-consulting-1432815296953117\/\" \/>\n<meta property=\"article:modified_time\" content=\"2022-09-05T08:39:55+00:00\" \/>\n<meta name=\"twitter:card\" content=\"summary_large_image\" \/>\n<meta name=\"twitter:label1\" content=\"Gesch\u00e4tzte Lesezeit\" \/>\n\t<meta name=\"twitter:data1\" content=\"6\u00a0Minuten\" \/>\n<script type=\"application\/ld+json\" class=\"yoast-schema-graph\">{\"@context\":\"https:\/\/schema.org\",\"@graph\":[{\"@type\":\"WebPage\",\"@id\":\"https:\/\/sedra.hr\/de\/dienstleistungen\/projektmanagement-und-beratungsdienstleistungen\/\",\"url\":\"https:\/\/sedra.hr\/de\/dienstleistungen\/projektmanagement-und-beratungsdienstleistungen\/\",\"name\":\"Projektmanagement und Beratungsdienstleistungen - Sedra Consulting\",\"isPartOf\":{\"@id\":\"https:\/\/sedra.hr\/en\/#website\"},\"datePublished\":\"2016-01-18T13:14:48+00:00\",\"dateModified\":\"2022-09-05T08:39:55+00:00\",\"breadcrumb\":{\"@id\":\"https:\/\/sedra.hr\/de\/dienstleistungen\/projektmanagement-und-beratungsdienstleistungen\/#breadcrumb\"},\"inLanguage\":\"de\",\"potentialAction\":[{\"@type\":\"ReadAction\",\"target\":[\"https:\/\/sedra.hr\/de\/dienstleistungen\/projektmanagement-und-beratungsdienstleistungen\/\"]}]},{\"@type\":\"BreadcrumbList\",\"@id\":\"https:\/\/sedra.hr\/de\/dienstleistungen\/projektmanagement-und-beratungsdienstleistungen\/#breadcrumb\",\"itemListElement\":[{\"@type\":\"ListItem\",\"position\":1,\"name\":\"Po\u010detna stranica\",\"item\":\"https:\/\/sedra.hr\/de\/\"},{\"@type\":\"ListItem\",\"position\":2,\"name\":\"Dienstleistungen\",\"item\":\"https:\/\/sedra.hr\/de\/dienstleistungen\/\"},{\"@type\":\"ListItem\",\"position\":3,\"name\":\"Projektmanagement und Beratungsdienstleistungen\"}]},{\"@type\":\"WebSite\",\"@id\":\"https:\/\/sedra.hr\/en\/#website\",\"url\":\"https:\/\/sedra.hr\/en\/\",\"name\":\"Sedra Consulting\",\"description\":\"Dobrodo\u0161li na stranice SEDRA Consultinga\",\"publisher\":{\"@id\":\"https:\/\/sedra.hr\/en\/#organization\"},\"potentialAction\":[{\"@type\":\"SearchAction\",\"target\":{\"@type\":\"EntryPoint\",\"urlTemplate\":\"https:\/\/sedra.hr\/en\/?s={search_term_string}\"},\"query-input\":\"required name=search_term_string\"}],\"inLanguage\":\"de\"},{\"@type\":\"Organization\",\"@id\":\"https:\/\/sedra.hr\/en\/#organization\",\"name\":\"Sedra Consulting\",\"url\":\"https:\/\/sedra.hr\/en\/\",\"logo\":{\"@type\":\"ImageObject\",\"inLanguage\":\"de\",\"@id\":\"https:\/\/sedra.hr\/en\/#\/schema\/logo\/image\/\",\"url\":\"https:\/\/sedra.hr\/wp-content\/uploads\/2022\/08\/sedra-logo-e1453211711949-77.png\",\"contentUrl\":\"https:\/\/sedra.hr\/wp-content\/uploads\/2022\/08\/sedra-logo-e1453211711949-77.png\",\"width\":250,\"height\":75,\"caption\":\"Sedra Consulting\"},\"image\":{\"@id\":\"https:\/\/sedra.hr\/en\/#\/schema\/logo\/image\/\"},\"sameAs\":[\"https:\/\/hr-hr.facebook.com\/Sedra-consulting-1432815296953117\/\",\"https:\/\/www.linkedin.com\/company\/sedra-consulting-d.o.o.\",\"https:\/\/www.instagram.com\/sedra_consulting\/\"]}]}<\/script>\n<!-- \/ Yoast SEO plugin. -->","yoast_head_json":{"title":"Projektmanagement und Beratungsdienstleistungen - Sedra Consulting","robots":{"index":"index","follow":"follow","max-snippet":"max-snippet:-1","max-image-preview":"max-image-preview:large","max-video-preview":"max-video-preview:-1"},"canonical":"https:\/\/sedra.hr\/de\/dienstleistungen\/projektmanagement-und-beratungsdienstleistungen\/","og_locale":"de_DE","og_type":"article","og_title":"Projektmanagement und Beratungsdienstleistungen - Sedra Consulting","og_url":"https:\/\/sedra.hr\/de\/dienstleistungen\/projektmanagement-und-beratungsdienstleistungen\/","og_site_name":"Sedra Consulting","article_publisher":"https:\/\/hr-hr.facebook.com\/Sedra-consulting-1432815296953117\/","article_modified_time":"2022-09-05T08:39:55+00:00","twitter_card":"summary_large_image","twitter_misc":{"Gesch\u00e4tzte Lesezeit":"6\u00a0Minuten"},"schema":{"@context":"https:\/\/schema.org","@graph":[{"@type":"WebPage","@id":"https:\/\/sedra.hr\/de\/dienstleistungen\/projektmanagement-und-beratungsdienstleistungen\/","url":"https:\/\/sedra.hr\/de\/dienstleistungen\/projektmanagement-und-beratungsdienstleistungen\/","name":"Projektmanagement und Beratungsdienstleistungen - Sedra Consulting","isPartOf":{"@id":"https:\/\/sedra.hr\/en\/#website"},"datePublished":"2016-01-18T13:14:48+00:00","dateModified":"2022-09-05T08:39:55+00:00","breadcrumb":{"@id":"https:\/\/sedra.hr\/de\/dienstleistungen\/projektmanagement-und-beratungsdienstleistungen\/#breadcrumb"},"inLanguage":"de","potentialAction":[{"@type":"ReadAction","target":["https:\/\/sedra.hr\/de\/dienstleistungen\/projektmanagement-und-beratungsdienstleistungen\/"]}]},{"@type":"BreadcrumbList","@id":"https:\/\/sedra.hr\/de\/dienstleistungen\/projektmanagement-und-beratungsdienstleistungen\/#breadcrumb","itemListElement":[{"@type":"ListItem","position":1,"name":"Po\u010detna stranica","item":"https:\/\/sedra.hr\/de\/"},{"@type":"ListItem","position":2,"name":"Dienstleistungen","item":"https:\/\/sedra.hr\/de\/dienstleistungen\/"},{"@type":"ListItem","position":3,"name":"Projektmanagement und Beratungsdienstleistungen"}]},{"@type":"WebSite","@id":"https:\/\/sedra.hr\/en\/#website","url":"https:\/\/sedra.hr\/en\/","name":"Sedra Consulting","description":"Dobrodo\u0161li na stranice SEDRA Consultinga","publisher":{"@id":"https:\/\/sedra.hr\/en\/#organization"},"potentialAction":[{"@type":"SearchAction","target":{"@type":"EntryPoint","urlTemplate":"https:\/\/sedra.hr\/en\/?s={search_term_string}"},"query-input":"required name=search_term_string"}],"inLanguage":"de"},{"@type":"Organization","@id":"https:\/\/sedra.hr\/en\/#organization","name":"Sedra Consulting","url":"https:\/\/sedra.hr\/en\/","logo":{"@type":"ImageObject","inLanguage":"de","@id":"https:\/\/sedra.hr\/en\/#\/schema\/logo\/image\/","url":"https:\/\/sedra.hr\/wp-content\/uploads\/2022\/08\/sedra-logo-e1453211711949-77.png","contentUrl":"https:\/\/sedra.hr\/wp-content\/uploads\/2022\/08\/sedra-logo-e1453211711949-77.png","width":250,"height":75,"caption":"Sedra Consulting"},"image":{"@id":"https:\/\/sedra.hr\/en\/#\/schema\/logo\/image\/"},"sameAs":["https:\/\/hr-hr.facebook.com\/Sedra-consulting-1432815296953117\/","https:\/\/www.linkedin.com\/company\/sedra-consulting-d.o.o.","https:\/\/www.instagram.com\/sedra_consulting\/"]}]}},"_links":{"self":[{"href":"https:\/\/sedra.hr\/de\/wp-json\/wp\/v2\/pages\/3753"}],"collection":[{"href":"https:\/\/sedra.hr\/de\/wp-json\/wp\/v2\/pages"}],"about":[{"href":"https:\/\/sedra.hr\/de\/wp-json\/wp\/v2\/types\/page"}],"author":[{"embeddable":true,"href":"https:\/\/sedra.hr\/de\/wp-json\/wp\/v2\/users\/1"}],"replies":[{"embeddable":true,"href":"https:\/\/sedra.hr\/de\/wp-json\/wp\/v2\/comments?post=3753"}],"version-history":[{"count":0,"href":"https:\/\/sedra.hr\/de\/wp-json\/wp\/v2\/pages\/3753\/revisions"}],"up":[{"embeddable":true,"href":"https:\/\/sedra.hr\/de\/wp-json\/wp\/v2\/pages\/3739"}],"wp:attachment":[{"href":"https:\/\/sedra.hr\/de\/wp-json\/wp\/v2\/media?parent=3753"}],"curies":[{"name":"wp","href":"https:\/\/api.w.org\/{rel}","templated":true}]}}