{"id":3749,"date":"2016-01-18T13:14:22","date_gmt":"2016-01-18T13:14:22","guid":{"rendered":"http:\/\/sedra.hr\/?page_id=3749"},"modified":"2022-09-05T08:39:14","modified_gmt":"2022-09-05T08:39:14","slug":"planung","status":"publish","type":"page","link":"https:\/\/sedra.hr\/de\/dienstleistungen\/planung\/","title":{"rendered":"Planung"},"content":{"rendered":"<div class=\"fusion-fullwidth fullwidth-box fusion-builder-row-1 fusion-flex-container hundred-percent-fullwidth non-hundred-percent-height-scrolling\" style=\"background-color: rgba(255,255,255,0);background-position: center center;background-repeat: no-repeat;border-width: 0px 0px 0px 0px;border-color:#eae9e9;border-style:solid;\" ><div class=\"fusion-builder-row fusion-row fusion-flex-align-items-flex-start\" style=\"width:104% !important;max-width:104% !important;margin-left: calc(-4% \/ 2 );margin-right: calc(-4% \/ 2 );\"><div class=\"fusion-layout-column fusion_builder_column fusion-builder-column-0 fusion_builder_column_1_1 1_1 fusion-flex-column fusion-flex-align-self-flex-start fusion-column-no-min-height\"><div class=\"fusion-column-wrapper fusion-flex-justify-content-flex-start fusion-content-layout-column\" style=\"background-position:left top;background-repeat:no-repeat;-webkit-background-size:cover;-moz-background-size:cover;-o-background-size:cover;background-size:cover;padding: 0px 0px 0px 0px;\"><div class=\"fusion-separator fusion-full-width-sep\" style=\"align-self: center;margin-left: auto;margin-right: auto;width:100%;\"><div class=\"fusion-separator-border sep-single sep-solid\" style=\"border-color:#b44c43;border-top-width:1px;\"><\/div><\/div><\/div><style type=\"text\/css\">.fusion-body .fusion-builder-column-0{width:100% !important;margin-top : 0px;margin-bottom : 0px;}.fusion-builder-column-0 > .fusion-column-wrapper {padding-top : 0px !important;padding-right : 0px !important;margin-right : 1.92%;padding-bottom : 0px !important;padding-left : 0px !important;margin-left : 1.92%;}@media only screen and (max-width:1024px) {.fusion-body .fusion-builder-column-0{width:100% !important;order : 0;}.fusion-builder-column-0 > .fusion-column-wrapper {margin-right : 1.92%;margin-left : 1.92%;}}@media only screen and (max-width:640px) {.fusion-body .fusion-builder-column-0{width:100% !important;order : 0;}.fusion-builder-column-0 > .fusion-column-wrapper {margin-right : 1.92%;margin-left : 1.92%;}}<\/style><\/div><div class=\"fusion-layout-column fusion_builder_column fusion-builder-column-1 fusion_builder_column_2_3 2_3 fusion-flex-column fusion-flex-align-self-flex-start fusion-column-no-min-height\"><div class=\"fusion-column-wrapper fusion-flex-justify-content-flex-start fusion-content-layout-column\" style=\"background-position:left top;background-repeat:no-repeat;-webkit-background-size:cover;-moz-background-size:cover;-o-background-size:cover;background-size:cover;padding: 0px 0px 0px 0px;\"><div class=\"fusion-text fusion-text-1\"><h3><strong>Planung<\/strong><\/h3>\n<p>Unter der Durchf\u00fchrung der Planungsaufgaben wird, gem\u00e4\u00df des Gesetzes \u00fcber Aufgaben und T\u00e4tigkeiten in Raumordnung und Bau (Kroatisches Amtsblatt 78\/15), die Durchf\u00fchrung aller Aufgaben verstanden, die in Zusammenhang mit der Erstellung des Vor-, Haupt- und Typenentwurfs, des Ausf\u00fchrungsplans, wie auch der Festlegung der grundlegenden Anforderungen an Geb\u00e4ude, Anforderungen an Projekte bei der Beseitigung von Geb\u00e4uden, sowie an Projekte der Zustandsaufnahme von Geb\u00e4uden stehen, welche durch besondere Gesetze f\u00fcr die Gebiete der Raumordnung und des Baus, sowie anhand dieser Gesetze erlassener Vorschriften vorgeschrieben sind.<\/p>\n<p>Das Unternehmen besch\u00e4ftigt sich im Rahmen der planungstechnischen Ausarbeitung von Entw\u00fcrfen mit folgendem:<\/p>\n<ul>\n<li>Erstellung von Vorentw\u00fcrfen (f\u00fcr die Erteilung der Standortgenehmigung),<\/li>\n<li>Erstellung von Hauptentw\u00fcrfen (f\u00fcr die Erteilung der Best\u00e4tigung des Hauptentwurfs, beziehungsweise der Baugenehmigung),<\/li>\n<li>Erstellung von Ausf\u00fchrungspl\u00e4nen,<\/li>\n<li>Erstellung von Typenentw\u00fcrfen,<\/li>\n<li>Erstellung von As-Built-Dokumentationen,<\/li>\n<li>Erstellung von Studien.<\/li>\n<\/ul>\n<\/div><div class=\"fusion-text fusion-text-2\"><h3><strong>Dokumente (PDF)<\/strong><\/h3>\n<ul>\n<li><strong><a href=\"https:\/\/sedra.hr\/wp-content\/uploads\/2022\/08\/Zakon-o-gradnji-NN-153-13-20-17-39-19-125-19.pdf\" target=\"_blank\" rel=\"noopener\">Baugesetz \u2013 konsolidierter Text des Gesetzes NN 153\/13, 20\/17, 39\/19, 125\/19<\/a><\/strong><\/li>\n<li><strong><a href=\"https:\/\/sedra.hr\/wp-content\/uploads\/2022\/08\/Zakon-o-prostornom-uredenju-NN-153-13-65-17-114-18-39-19-98-19.pdf\" target=\"_blank\" rel=\"noopener\">Raumplanungsgesetz &#8211; konsolidierter Text des Gesetzes NN 153\/13, 65\/17, 114\/18, 39\/19, 98\/19<\/a><\/strong><\/li>\n<li><strong><a href=\"https:\/\/sedra.hr\/wp-content\/uploads\/2022\/08\/Zakon-o-poslovima-i-djelatnostima-prostornog-uredenja-i-gradnje-NN-78-15-118-18-110-19.pdf\" target=\"_blank\" rel=\"noopener\">Gesetz \u00fcber Raumplanung und Bauarbeiten und -t\u00e4tigkeiten &#8211; konsolidierter Text des Gesetzes NN 78\/15, 118\/18, 110\/19<\/a><\/strong><\/li>\n<li><strong><a href=\"https:\/\/sedra.hr\/wp-content\/uploads\/2022\/08\/Pravilnik-o-obveznom-sadr\u017eaju-idejnog-projekta-NN-118-2019.pdf\" target=\"_blank\" rel=\"noopener\">Regelwerk zu verpflichtenden Inhalten des konzeptionellen Vorhabens NN 1118\/2019<\/a><\/strong><\/li>\n<li><strong><a href=\"https:\/\/sedra.hr\/wp-content\/uploads\/2022\/08\/Pravilnik-o-obveznom-sadr\u017eaju-i-opremanju-projekata-gra\u0111evina-NN-118-2019.pdf\" target=\"_blank\" rel=\"noopener\">Regelwerk \u00fcber verbindliche Inhalte und Ausstattungen von Bauvorhaben NN 1118\/2019<\/a><\/strong><\/li>\n<\/ul>\n<\/div><\/div><style type=\"text\/css\">.fusion-body .fusion-builder-column-1{width:66.666666666667% !important;margin-top : 0px;margin-bottom : 20px;}.fusion-builder-column-1 > .fusion-column-wrapper {padding-top : 0px !important;padding-right : 0px !important;margin-right : 2.88%;padding-bottom : 0px !important;padding-left : 0px !important;margin-left : 2.88%;}@media only screen and (max-width:1024px) {.fusion-body .fusion-builder-column-1{width:66.666666666667% !important;order : 0;}.fusion-builder-column-1 > .fusion-column-wrapper {margin-right : 2.88%;margin-left : 2.88%;}}@media only screen and (max-width:640px) {.fusion-body .fusion-builder-column-1{width:100% !important;order : 0;}.fusion-builder-column-1 > .fusion-column-wrapper {margin-right : 1.92%;margin-left : 1.92%;}}<\/style><\/div><div class=\"fusion-layout-column fusion_builder_column fusion-builder-column-2 fusion_builder_column_1_3 1_3 fusion-flex-column\"><div class=\"fusion-column-wrapper fusion-flex-justify-content-flex-start fusion-content-layout-column\" style=\"background-position:left top;background-repeat:no-repeat;-webkit-background-size:cover;-moz-background-size:cover;-o-background-size:cover;background-size:cover;padding: 0px 0px 0px 0px;\"><div ><span class=\" fusion-imageframe imageframe-none imageframe-1 hover-type-none\"><a class=\"fusion-no-lightbox\" href=\"http:\/\/sedra.hr\/de\/dienstleistungen\/fachbauleitung\/\" target=\"_self\" aria-label=\"1-FACHBAULEITUNG-300&#215;100-new\"><img decoding=\"async\" width=\"300\" height=\"100\" src=\"http:\/\/sedra.hr\/wp-content\/uploads\/2017\/10\/1-FACHBAULEITUNG-300x100-new.jpg\" alt class=\"img-responsive wp-image-3012\"\/><\/a><\/span><\/div><div ><span class=\" fusion-imageframe imageframe-none imageframe-2 hover-type-none\"><a class=\"fusion-no-lightbox\" href=\"http:\/\/sedra.hr\/de\/dienstleistungen\/planung\/\" target=\"_self\" aria-label=\"2-PLANUNG-300&#215;100-new\"><img decoding=\"async\" width=\"300\" height=\"100\" src=\"http:\/\/sedra.hr\/wp-content\/uploads\/2017\/10\/2-PLANUNG-300x100-new.jpg\" alt class=\"img-responsive wp-image-3010\"\/><\/a><\/span><\/div><div ><span class=\" fusion-imageframe imageframe-none imageframe-3 hover-type-none\"><a class=\"fusion-no-lightbox\" href=\"http:\/\/sedra.hr\/de\/dienstleistungen\/projektmanagement-und-beratungsdienstleistungen\/\" target=\"_self\" aria-label=\"3-PROJEKTMANAGEMENT-300&#215;100-new\"><img decoding=\"async\" width=\"300\" height=\"100\" src=\"http:\/\/sedra.hr\/wp-content\/uploads\/2017\/10\/3-PROJEKTMANAGEMENT-300x100-new.jpg\" alt class=\"img-responsive wp-image-3008\"\/><\/a><\/span><\/div><div ><span class=\" fusion-imageframe imageframe-none imageframe-4 hover-type-none\"><a class=\"fusion-no-lightbox\" href=\"http:\/\/sedra.hr\/de\/dienstleistungen\/rechtsgutachten-fuer-bauwesen-und-immobilienbewertung\/\" target=\"_self\" aria-label=\"4-RECHTSGUTACHTEN-300&#215;100-new\"><img decoding=\"async\" width=\"300\" height=\"100\" src=\"http:\/\/sedra.hr\/wp-content\/uploads\/2017\/10\/4-RECHTSGUTACHTEN-300x100-new.jpg\" alt class=\"img-responsive wp-image-3006\"\/><\/a><\/span><\/div><div ><span class=\" fusion-imageframe imageframe-none imageframe-5 hover-type-none\"><a class=\"fusion-no-lightbox\" href=\"http:\/\/sedra.hr\/de\/dienstleistungen\/energieaudit-und-zertifizierung-von-objekten\/\" target=\"_self\" aria-label=\"5-ENERGIEAUDIT&#8211;300&#215;100-new\"><img decoding=\"async\" width=\"300\" height=\"100\" src=\"http:\/\/sedra.hr\/wp-content\/uploads\/2017\/10\/5-ENERGIEAUDIT-300x100-new.jpg\" alt class=\"img-responsive wp-image-3004\"\/><\/a><\/span><\/div><div ><span class=\" fusion-imageframe imageframe-none imageframe-6 hover-type-none\"><a class=\"fusion-no-lightbox\" href=\"http:\/\/sedra.hr\/de\/dienstleistungen\/arbeitsschutzkoordinator-i-und-ii\/\" target=\"_self\" aria-label=\"6-ARBEITSSCHUTZKOORDINATOR-300&#215;100-new\"><img decoding=\"async\" width=\"300\" height=\"100\" src=\"http:\/\/sedra.hr\/wp-content\/uploads\/2017\/10\/6-ARBEITSSCHUTZKOORDINATOR-300x100-new.jpg\" alt class=\"img-responsive wp-image-3016\"\/><\/a><\/span><\/div><div ><span class=\" fusion-imageframe imageframe-none imageframe-7 hover-type-none\"><a class=\"fusion-no-lightbox\" href=\"http:\/\/sedra.hr\/de\/dienstleistungen\/vermessungsdienstleistungen\/\" target=\"_self\" aria-label=\"7-VERMESSUNGSDIENSTLEISTUNGEN-300&#215;100-new\"><img decoding=\"async\" width=\"300\" height=\"100\" src=\"http:\/\/sedra.hr\/wp-content\/uploads\/2017\/10\/7-VERMESSUNGSDIENSTLEISTUNGEN-300x100-new.jpg\" alt class=\"img-responsive wp-image-3014\"\/><\/a><\/span><\/div><\/div><style type=\"text\/css\">.fusion-body .fusion-builder-column-2{width:33.333333333333% !important;margin-top : 25px;margin-bottom : 20px;}.fusion-builder-column-2 > .fusion-column-wrapper {padding-top : 0px !important;padding-right : 0px !important;margin-right : 5.76%;padding-bottom : 0px !important;padding-left : 0px !important;margin-left : 5.76%;}@media only screen and (max-width:1024px) {.fusion-body .fusion-builder-column-2{width:33.333333333333% !important;order : 0;}.fusion-builder-column-2 > .fusion-column-wrapper {margin-right : 5.76%;margin-left : 5.76%;}}@media only screen and (max-width:640px) {.fusion-body .fusion-builder-column-2{width:100% !important;order : 0;}.fusion-builder-column-2 > .fusion-column-wrapper {margin-right : 1.92%;margin-left : 1.92%;}}<\/style><\/div>\n<div class=\"fusion-layout-column fusion_builder_column fusion-builder-column-3 fusion_builder_column_1_1 1_1 fusion-flex-column fusion-flex-align-self-flex-start fusion-column-no-min-height\"><div class=\"fusion-column-wrapper fusion-flex-justify-content-flex-start fusion-content-layout-column\" style=\"background-position:left top;background-repeat:no-repeat;-webkit-background-size:cover;-moz-background-size:cover;-o-background-size:cover;background-size:cover;padding: 0px 0px 0px 0px;\"><div class=\"fusion-separator fusion-full-width-sep\" style=\"align-self: center;margin-left: auto;margin-right: auto;width:100%;\"><div class=\"fusion-separator-border sep-single sep-solid\" style=\"border-color:#b44c43;border-top-width:1px;\"><\/div><\/div><\/div><style type=\"text\/css\">.fusion-body .fusion-builder-column-3{width:100% !important;margin-top : 0px;margin-bottom : 0px;}.fusion-builder-column-3 > .fusion-column-wrapper {padding-top : 0px !important;padding-right : 0px !important;margin-right : 1.92%;padding-bottom : 0px !important;padding-left : 0px !important;margin-left : 1.92%;}@media only screen and (max-width:1024px) {.fusion-body .fusion-builder-column-3{width:100% !important;}.fusion-builder-column-3 > .fusion-column-wrapper {margin-right : 1.92%;margin-left : 1.92%;}}@media only screen and (max-width:640px) {.fusion-body .fusion-builder-column-3{width:100% !important;}.fusion-builder-column-3 > .fusion-column-wrapper {margin-right : 1.92%;margin-left : 1.92%;}}<\/style><\/div><\/div><style type=\"text\/css\">.fusion-fullwidth.fusion-builder-row-1 { overflow:visible; }.fusion-body .fusion-flex-container.fusion-builder-row-1{ padding-top : 0px;margin-top : 0px;padding-right : 0px;padding-bottom : 0px;margin-bottom : 0px;padding-left : 0px;}<\/style><\/div>\n","protected":false},"excerpt":{"rendered":"","protected":false},"author":1,"featured_media":0,"parent":3739,"menu_order":0,"comment_status":"closed","ping_status":"closed","template":"","meta":[],"yoast_head":"<!-- This site is optimized with the Yoast SEO plugin v20.3 - https:\/\/yoast.com\/wordpress\/plugins\/seo\/ -->\n<title>Planung - Sedra Consulting<\/title>\n<meta name=\"robots\" content=\"index, follow, max-snippet:-1, max-image-preview:large, max-video-preview:-1\" \/>\n<link rel=\"canonical\" href=\"https:\/\/sedra.hr\/de\/dienstleistungen\/planung\/\" \/>\n<meta property=\"og:locale\" content=\"de_DE\" \/>\n<meta property=\"og:type\" content=\"article\" \/>\n<meta property=\"og:title\" content=\"Planung - Sedra Consulting\" \/>\n<meta property=\"og:url\" content=\"https:\/\/sedra.hr\/de\/dienstleistungen\/planung\/\" \/>\n<meta property=\"og:site_name\" content=\"Sedra Consulting\" \/>\n<meta property=\"article:publisher\" content=\"https:\/\/hr-hr.facebook.com\/Sedra-consulting-1432815296953117\/\" \/>\n<meta property=\"article:modified_time\" content=\"2022-09-05T08:39:14+00:00\" \/>\n<meta name=\"twitter:card\" content=\"summary_large_image\" \/>\n<meta name=\"twitter:label1\" content=\"Gesch\u00e4tzte Lesezeit\" \/>\n\t<meta name=\"twitter:data1\" content=\"6\u00a0Minuten\" \/>\n<script type=\"application\/ld+json\" class=\"yoast-schema-graph\">{\"@context\":\"https:\/\/schema.org\",\"@graph\":[{\"@type\":\"WebPage\",\"@id\":\"https:\/\/sedra.hr\/de\/dienstleistungen\/planung\/\",\"url\":\"https:\/\/sedra.hr\/de\/dienstleistungen\/planung\/\",\"name\":\"Planung - Sedra Consulting\",\"isPartOf\":{\"@id\":\"https:\/\/sedra.hr\/en\/#website\"},\"datePublished\":\"2016-01-18T13:14:22+00:00\",\"dateModified\":\"2022-09-05T08:39:14+00:00\",\"breadcrumb\":{\"@id\":\"https:\/\/sedra.hr\/de\/dienstleistungen\/planung\/#breadcrumb\"},\"inLanguage\":\"de\",\"potentialAction\":[{\"@type\":\"ReadAction\",\"target\":[\"https:\/\/sedra.hr\/de\/dienstleistungen\/planung\/\"]}]},{\"@type\":\"BreadcrumbList\",\"@id\":\"https:\/\/sedra.hr\/de\/dienstleistungen\/planung\/#breadcrumb\",\"itemListElement\":[{\"@type\":\"ListItem\",\"position\":1,\"name\":\"Po\u010detna stranica\",\"item\":\"https:\/\/sedra.hr\/de\/\"},{\"@type\":\"ListItem\",\"position\":2,\"name\":\"Dienstleistungen\",\"item\":\"https:\/\/sedra.hr\/de\/dienstleistungen\/\"},{\"@type\":\"ListItem\",\"position\":3,\"name\":\"Planung\"}]},{\"@type\":\"WebSite\",\"@id\":\"https:\/\/sedra.hr\/en\/#website\",\"url\":\"https:\/\/sedra.hr\/en\/\",\"name\":\"Sedra Consulting\",\"description\":\"Dobrodo\u0161li na stranice SEDRA Consultinga\",\"publisher\":{\"@id\":\"https:\/\/sedra.hr\/en\/#organization\"},\"potentialAction\":[{\"@type\":\"SearchAction\",\"target\":{\"@type\":\"EntryPoint\",\"urlTemplate\":\"https:\/\/sedra.hr\/en\/?s={search_term_string}\"},\"query-input\":\"required name=search_term_string\"}],\"inLanguage\":\"de\"},{\"@type\":\"Organization\",\"@id\":\"https:\/\/sedra.hr\/en\/#organization\",\"name\":\"Sedra Consulting\",\"url\":\"https:\/\/sedra.hr\/en\/\",\"logo\":{\"@type\":\"ImageObject\",\"inLanguage\":\"de\",\"@id\":\"https:\/\/sedra.hr\/en\/#\/schema\/logo\/image\/\",\"url\":\"https:\/\/sedra.hr\/wp-content\/uploads\/2022\/08\/sedra-logo-e1453211711949-77.png\",\"contentUrl\":\"https:\/\/sedra.hr\/wp-content\/uploads\/2022\/08\/sedra-logo-e1453211711949-77.png\",\"width\":250,\"height\":75,\"caption\":\"Sedra Consulting\"},\"image\":{\"@id\":\"https:\/\/sedra.hr\/en\/#\/schema\/logo\/image\/\"},\"sameAs\":[\"https:\/\/hr-hr.facebook.com\/Sedra-consulting-1432815296953117\/\",\"https:\/\/www.linkedin.com\/company\/sedra-consulting-d.o.o.\",\"https:\/\/www.instagram.com\/sedra_consulting\/\"]}]}<\/script>\n<!-- \/ Yoast SEO plugin. -->","yoast_head_json":{"title":"Planung - Sedra Consulting","robots":{"index":"index","follow":"follow","max-snippet":"max-snippet:-1","max-image-preview":"max-image-preview:large","max-video-preview":"max-video-preview:-1"},"canonical":"https:\/\/sedra.hr\/de\/dienstleistungen\/planung\/","og_locale":"de_DE","og_type":"article","og_title":"Planung - Sedra Consulting","og_url":"https:\/\/sedra.hr\/de\/dienstleistungen\/planung\/","og_site_name":"Sedra Consulting","article_publisher":"https:\/\/hr-hr.facebook.com\/Sedra-consulting-1432815296953117\/","article_modified_time":"2022-09-05T08:39:14+00:00","twitter_card":"summary_large_image","twitter_misc":{"Gesch\u00e4tzte Lesezeit":"6\u00a0Minuten"},"schema":{"@context":"https:\/\/schema.org","@graph":[{"@type":"WebPage","@id":"https:\/\/sedra.hr\/de\/dienstleistungen\/planung\/","url":"https:\/\/sedra.hr\/de\/dienstleistungen\/planung\/","name":"Planung - Sedra Consulting","isPartOf":{"@id":"https:\/\/sedra.hr\/en\/#website"},"datePublished":"2016-01-18T13:14:22+00:00","dateModified":"2022-09-05T08:39:14+00:00","breadcrumb":{"@id":"https:\/\/sedra.hr\/de\/dienstleistungen\/planung\/#breadcrumb"},"inLanguage":"de","potentialAction":[{"@type":"ReadAction","target":["https:\/\/sedra.hr\/de\/dienstleistungen\/planung\/"]}]},{"@type":"BreadcrumbList","@id":"https:\/\/sedra.hr\/de\/dienstleistungen\/planung\/#breadcrumb","itemListElement":[{"@type":"ListItem","position":1,"name":"Po\u010detna stranica","item":"https:\/\/sedra.hr\/de\/"},{"@type":"ListItem","position":2,"name":"Dienstleistungen","item":"https:\/\/sedra.hr\/de\/dienstleistungen\/"},{"@type":"ListItem","position":3,"name":"Planung"}]},{"@type":"WebSite","@id":"https:\/\/sedra.hr\/en\/#website","url":"https:\/\/sedra.hr\/en\/","name":"Sedra Consulting","description":"Dobrodo\u0161li na stranice SEDRA Consultinga","publisher":{"@id":"https:\/\/sedra.hr\/en\/#organization"},"potentialAction":[{"@type":"SearchAction","target":{"@type":"EntryPoint","urlTemplate":"https:\/\/sedra.hr\/en\/?s={search_term_string}"},"query-input":"required name=search_term_string"}],"inLanguage":"de"},{"@type":"Organization","@id":"https:\/\/sedra.hr\/en\/#organization","name":"Sedra Consulting","url":"https:\/\/sedra.hr\/en\/","logo":{"@type":"ImageObject","inLanguage":"de","@id":"https:\/\/sedra.hr\/en\/#\/schema\/logo\/image\/","url":"https:\/\/sedra.hr\/wp-content\/uploads\/2022\/08\/sedra-logo-e1453211711949-77.png","contentUrl":"https:\/\/sedra.hr\/wp-content\/uploads\/2022\/08\/sedra-logo-e1453211711949-77.png","width":250,"height":75,"caption":"Sedra Consulting"},"image":{"@id":"https:\/\/sedra.hr\/en\/#\/schema\/logo\/image\/"},"sameAs":["https:\/\/hr-hr.facebook.com\/Sedra-consulting-1432815296953117\/","https:\/\/www.linkedin.com\/company\/sedra-consulting-d.o.o.","https:\/\/www.instagram.com\/sedra_consulting\/"]}]}},"_links":{"self":[{"href":"https:\/\/sedra.hr\/de\/wp-json\/wp\/v2\/pages\/3749"}],"collection":[{"href":"https:\/\/sedra.hr\/de\/wp-json\/wp\/v2\/pages"}],"about":[{"href":"https:\/\/sedra.hr\/de\/wp-json\/wp\/v2\/types\/page"}],"author":[{"embeddable":true,"href":"https:\/\/sedra.hr\/de\/wp-json\/wp\/v2\/users\/1"}],"replies":[{"embeddable":true,"href":"https:\/\/sedra.hr\/de\/wp-json\/wp\/v2\/comments?post=3749"}],"version-history":[{"count":0,"href":"https:\/\/sedra.hr\/de\/wp-json\/wp\/v2\/pages\/3749\/revisions"}],"up":[{"embeddable":true,"href":"https:\/\/sedra.hr\/de\/wp-json\/wp\/v2\/pages\/3739"}],"wp:attachment":[{"href":"https:\/\/sedra.hr\/de\/wp-json\/wp\/v2\/media?parent=3749"}],"curies":[{"name":"wp","href":"https:\/\/api.w.org\/{rel}","templated":true}]}}